{"id":773,"date":"2017-03-16T13:57:30","date_gmt":"2017-03-16T12:57:30","guid":{"rendered":"http:\/\/heol-cafe.com\/?page_id=773"},"modified":"2017-03-16T13:57:30","modified_gmt":"2017-03-16T12:57:30","slug":"dernier-train-pour-busan-de-yeon-sang-ho-la-critique-de-mocha","status":"publish","type":"page","link":"http:\/\/heol-cafe.com\/index.php\/dernier-train-pour-busan-de-yeon-sang-ho-la-critique-de-mocha\/","title":{"rendered":"DERNIER TRAIN POUR BUSAN de Yeon Sang-ho &#8211; La critique de Mocha"},"content":{"rendered":"<h3><img decoding=\"async\" loading=\"lazy\" class=\" wp-image-780 aligncenter\" src=\"http:\/\/heol-cafe.com\/wp-content\/uploads\/2017\/03\/DSCN1474-1024x768.jpg\" alt=\"\" width=\"582\" height=\"437\" srcset=\"http:\/\/heol-cafe.com\/wp-content\/uploads\/2017\/03\/DSCN1474-1024x768.jpg 1024w, http:\/\/heol-cafe.com\/wp-content\/uploads\/2017\/03\/DSCN1474-300x225.jpg 300w, http:\/\/heol-cafe.com\/wp-content\/uploads\/2017\/03\/DSCN1474-768x576.jpg 768w, http:\/\/heol-cafe.com\/wp-content\/uploads\/2017\/03\/DSCN1474-150x113.jpg 150w, http:\/\/heol-cafe.com\/wp-content\/uploads\/2017\/03\/DSCN1474-600x450.jpg 600w, http:\/\/heol-cafe.com\/wp-content\/uploads\/2017\/03\/DSCN1474-400x300.jpg 400w\" sizes=\"(max-width: 582px) 100vw, 582px\" \/><\/h3>\n<h3><strong>DERNIER TRAIN POUR BUSAN <\/strong>de <a href=\"http:\/\/www.allocine.fr\/personne\/fichepersonne_gen_cpersonne=588933.html\"><em>Yeon Sang-ho<\/em><\/a> | Action-Fantastique | 1h58 | 2016<\/h3>\n<p><strong>! Zombies\u00a0!<\/strong><\/p>\n<p><img decoding=\"async\" loading=\"lazy\" class=\"aligncenter wp-image-8706\" src=\"http:\/\/blog.top250.fr\/wp-content\/uploads\/2017\/03\/dernier-train-pour-busan-affiche.gif\" alt=\"dernier train pour busan\" width=\"497\" height=\"280\" \/><\/p>\n<p>Blockbuster cor\u00e9en de l\u2019ann\u00e9e 2016, c\u2019est le film aux 11 millions de spectateurs dont vous avez s\u00fbrement entendu parler et une copine vous y a tra\u00een\u00e9 \u00e0 la sortie en salle.<\/p>\n<p>Pour ma part je l\u2019ai vu pour la 1<sup>\u00e8re<\/sup> fois au <a href=\"http:\/\/www.ffcp-cinema.com\/\">festival FFCP 2016<\/a>, donc deux mois apr\u00e8s sa sortie.<\/p>\n<p>Synopsis du film : \u00ab\u00a0<em>Alors qu\u2019un myst\u00e9rieux virus transformant ses victimes en zombies se r\u00e9pand rapidement dans S\u00e9oul, les passagers d\u2019un train qui vient de quitter la capitale apprennent la nouvelle. Pour eux, le seul espoir de survie est d\u2019arriver \u00e0 Busan, \u00e0 l\u2019autre bout du pays. Mais ils r\u00e9alisent vite que le virus est lui aussi mont\u00e9 \u00e0 bord. Un voyage mortel en perspective\u2026<\/em>\u00a0\u00bb<\/p>\n<p>Pour moi ce n\u2019est pas tellement un film de zombies (m\u00eame si c\u2019est ce qui est vendu), ce n\u2019est pas l\u2019intention profonde du film. Rappelons que c\u2019est le premier film en chair et en os du r\u00e9alisateur <a href=\"http:\/\/www.allocine.fr\/personne\/fichepersonne_gen_cpersonne=588933.html\"><em>Yeon Sang-ho<\/em><\/a> qui jusqu\u2019ici ne r\u00e9alisait que des films d\u2019animation \u00e0 forte critique sociale (\u00ab\u00a0<em>King of pigs\u00a0\u00bb<\/em>, \u00ab\u00a0<em>Seoul station\u00a0\u00bb<\/em>).<\/p>\n<p>On retrouve la figure du train (si \u00e7a ne devient pas un lieu r\u00e9curant dans le cin\u00e9ma cor\u00e9en, hein), lieu clos mais en mouvement qui servira \u00e0 la fois de champs de bataille que de refuge pour les passagers. Cet espace \u00e9troit et ferm\u00e9 rend d\u2019ailleurs les sc\u00e8nes de confrontations beaucoup plus tendues\u00a0! Les courses poursuites sont haletantes.<\/p>\n<p>Il n\u2019y a pas d\u2019innovation majeure mais le film a son identit\u00e9 propre.<\/p>\n<p>L\u2019acteur <a href=\"http:\/\/www.nautiljon.com\/people\/gong+yoo.html\"><em>Gong Yoo<\/em><\/a>, qui est peut-\u00eatre la seule raison pour laquelle vous \u00eates all\u00e9 voir le film, joue le r\u00f4le d\u2019un p\u00e8re divorc\u00e9 totalement \u00e9go\u00efste et d\u00e9testable, Sok-Woo. On lui pr\u00e9f\u00e9rera de loin le p\u00e8re de famille badass Sang-Hwa interpr\u00e9t\u00e9 par l\u2019acteur <a href=\"http:\/\/www.allocine.fr\/personne\/fichepersonne_gen_cpersonne=451273.html\"><em>Dong-Seok Ma<\/em><\/a>. Cela dit on suivra quand m\u00eame le parcours de r\u00e9demption de Sok-woo qui renouera le contact avec sa fille et mettra enfin sa personnalit\u00e9 de c\u00f4t\u00e9 pour s\u2019ouvrir aux autres.<\/p>\n<p><img decoding=\"async\" loading=\"lazy\" class=\"irc_mi alignnone\" src=\"https:\/\/media.senscritique.com\/media\/000016134548\/1200\/Dernier_Train_pour_Busan.jpg\" alt=\"R\u00e9sultat de recherche d'images pour &quot;dernier train pour busan&quot;\" width=\"289\" height=\"194\" \/> \u00a0 \u00a0 <img decoding=\"async\" loading=\"lazy\" class=\"irc_mi alignnone\" src=\"http:\/\/www.digitalcine.fr\/wp-content\/uploads\/2016\/12\/dernier-train-pour-busan-blu-ray-22.jpg\" alt=\"R\u00e9sultat de recherche d'images pour &quot;dernier train pour busan&quot;\" width=\"343\" height=\"193\" \/><\/p>\n<p>Le train, prison et refuge \u00e0 la fois, va r\u00e9v\u00e9ler le v\u00e9ritable caract\u00e8re de gens. J\u2019ai trouv\u00e9 que \u00e7a faisait \u00e9cho au film \u00ab\u00a0<em>Snowpiercer\u00a0\u00bb<\/em> que j\u2019avais ador\u00e9 en 2013. L\u00e0 encore le film d\u00e9nonce l\u2019individualisme des passagers (pr\u00eats \u00e0 sacrifier les autres pour survivre). C\u2019est la critique d\u2019un monde d\u00e9shumanis\u00e9, corrompu par le capitalisme, le syst\u00e8me de castes et l\u2019int\u00e9ressement humain. Mais cette critique est trop subtile et peu approfondie dans le film, dommage.<\/p>\n<p>Le film est divertissant, oui, bien pour un 31 octobre.<\/p>\n<p><img decoding=\"async\" loading=\"lazy\" class=\"irc_mi\" src=\"http:\/\/cdn2-www.comingsoon.net\/assets\/uploads\/2016\/08\/TraintoBusan_Trailer2_og.jpg\" alt=\"R\u00e9sultat de recherche d'images pour &quot;dernier train pour busan&quot;\" width=\"326\" height=\"183\" \/>\u00a0 \u00a0\u00a0 <img decoding=\"async\" loading=\"lazy\" class=\"irc_mi alignnone\" src=\"https:\/\/4.bp.blogspot.com\/-nX3b5VdbNOI\/V715d7JTA9I\/AAAAAAAAldY\/I7uZrjayroAMF62rqKk2MDRhuBiDSa2VgCEw\/s1600\/trainpourbusan.jpg\" alt=\"R\u00e9sultat de recherche d'images pour &quot;dernier train pour busan&quot;\" width=\"301\" height=\"184\" \/><\/p>\n<p><u>Les bons points\u00a0:<\/u><\/p>\n<ul>\n<li>L\u2019humour, la coolitude.<\/li>\n<li>Le film est assez coh\u00e9rent.<\/li>\n<li>Une m\u00e9taphore de la 1<sup>\u00e8re<\/sup> classe et 2<sup>nde<\/sup> classe dans le train refl\u00e9tant les in\u00e9galit\u00e9s dans la soci\u00e9t\u00e9 et qui pousse \u00e0 s\u2019interroger sur ses valeurs profondes\u00a0: mourir avec honneur ou survivre en l\u00e2che. Qu\u2019est-ce qui compte vraiment et aux yeux de qui\u00a0?<\/li>\n<li>Une fin sans chichi.<\/li>\n<\/ul>\n<p><u>Les b\u00e9mols\u00a0:<\/u><\/p>\n<ul>\n<li>Ce n\u2019est pas un grand film.<\/li>\n<li>Beaucoup de moyens mais peu de profondeur dans le sc\u00e9nario.<\/li>\n<li>Encore une fois la critique n\u2019est pas \u00e9vidente \u00e0 discerner, on a l\u2019impression que le film est en \u00ab\u00a0openservice\u00a0\u00bb\u00a0: \u00ab\u00a0voyez ce que vous voulez, prenez-le comme vous voulez et interpr\u00e9tez comme vous voulez\u00a0\u00bb. Euh\u2026 non. C\u2019est pas la peine de faire un film avec un peu de sang et de zombies pour faire plaisir aux amoureux du genre et un peu de critique sociale pour ceux qui ont aim\u00e9 \u00ab\u00a0<em>Snowpiercer<\/em>\u00bb. Non\u00a0! Au final \u00e7a fait un film bof qui ne contente ni les uns ni les autres. Je trouve que cette non-prise de risque a \u00e9t\u00e9 la grosse erreur du film.<\/li>\n<\/ul>\n<p><strong>Ma note\u00a0: 3\/5<\/strong><\/p>\n<p><img decoding=\"async\" loading=\"lazy\" class=\"irc_mi\" src=\"http:\/\/fr.web.img6.acsta.net\/c_300_300\/pictures\/16\/11\/23\/12\/22\/152349.jpg\" alt=\"R\u00e9sultat de recherche d'images pour &quot;dernier train pour busan&quot;\" width=\"253\" height=\"253\" \/> \u00a0 \u00a0\u00a0 <img decoding=\"async\" loading=\"lazy\" class=\"irc_mi\" src=\"http:\/\/www.ecranlarge.com\/media\/cache\/resolve\/637x637\/uploads\/image\/000\/958\/dernier-train-pour-busan-cannes-2016-958332.jpg\" alt=\"R\u00e9sultat de recherche d'images pour &quot;dernier train pour busan&quot;\" width=\"382\" height=\"253\" \/><\/p>\n","protected":false},"excerpt":{"rendered":"<p>DERNIER TRAIN POUR BUSAN de Yeon Sang-ho | Action-Fantastique | 1h58 | 2016 ! Zombies\u00a0! Blockbuster cor\u00e9en de l\u2019ann\u00e9e 2016, c\u2019est le film aux 11 millions de spectateurs dont vous avez s\u00fbrement entendu parler et une copine vous y a tra\u00een\u00e9 \u00e0 la sortie en salle. Pour ma part je l\u2019ai vu pour la 1\u00e8re<\/p>\n","protected":false},"author":6,"featured_media":0,"parent":0,"menu_order":0,"comment_status":"closed","ping_status":"closed","template":"","meta":{"sfsi_plus_gutenberg_text_before_share":"","sfsi_plus_gutenberg_show_text_before_share":"","sfsi_plus_gutenberg_icon_type":"","sfsi_plus_gutenberg_icon_alignemt":"","sfsi_plus_gutenburg_max_per_row":""},"yoast_head":"<!-- This site is optimized with the Yoast SEO plugin v15.6.2 - https:\/\/yoast.com\/wordpress\/plugins\/seo\/ -->\n<title>DERNIER TRAIN POUR BUSAN de Yeon Sang-ho - La critique de Mocha - Heol Caf\u00e9<\/title>\n<meta name=\"description\" content=\"DERNIER TRAIN POUR BUSAN de Yeon Sang-ho. Blockbuster cor\u00e9en de l&#039;ann\u00e9e 2016, film aux 11 millions de spectateurs. Zombies et critique soci\u00e9tale.\" \/>\n<meta name=\"robots\" content=\"index, follow, max-snippet:-1, max-image-preview:large, max-video-preview:-1\" \/>\n<link rel=\"canonical\" href=\"http:\/\/heol-cafe.com\/index.php\/dernier-train-pour-busan-de-yeon-sang-ho-la-critique-de-mocha\/\" \/>\n<meta property=\"og:locale\" content=\"fr_FR\" \/>\n<meta property=\"og:type\" content=\"article\" \/>\n<meta property=\"og:title\" content=\"DERNIER TRAIN POUR BUSAN de Yeon Sang-ho - La critique de Mocha - Heol Caf\u00e9\" \/>\n<meta property=\"og:description\" content=\"DERNIER TRAIN POUR BUSAN de Yeon Sang-ho. Blockbuster cor\u00e9en de l&#039;ann\u00e9e 2016, film aux 11 millions de spectateurs. Zombies et critique soci\u00e9tale.\" \/>\n<meta property=\"og:url\" content=\"http:\/\/heol-cafe.com\/index.php\/dernier-train-pour-busan-de-yeon-sang-ho-la-critique-de-mocha\/\" \/>\n<meta property=\"og:site_name\" content=\"Heol Caf\u00e9\" \/>\n<meta property=\"article:publisher\" content=\"https:\/\/www.facebook.com\/heolcafe\/\" \/>\n<meta property=\"og:image\" content=\"http:\/\/heol-cafe.com\/wp-content\/uploads\/2017\/03\/DSCN1474-1024x768.jpg\" \/>\n<meta name=\"twitter:card\" content=\"summary\" \/>\n<meta name=\"twitter:site\" content=\"@HeolCafe\" \/>\n<meta name=\"twitter:label1\" content=\"Dur\u00e9e de lecture est.\">\n\t<meta name=\"twitter:data1\" content=\"3 minutes\">\n<script type=\"application\/ld+json\" class=\"yoast-schema-graph\">{\"@context\":\"https:\/\/schema.org\",\"@graph\":[{\"@type\":\"WebSite\",\"@id\":\"https:\/\/heol-cafe.com\/#website\",\"url\":\"https:\/\/heol-cafe.com\/\",\"name\":\"Heol Caf\\u00e9\",\"description\":\"Quand la Cor\\u00e9e nous surprend !\",\"potentialAction\":[{\"@type\":\"SearchAction\",\"target\":\"https:\/\/heol-cafe.com\/?s={search_term_string}\",\"query-input\":\"required name=search_term_string\"}],\"inLanguage\":\"fr-FR\"},{\"@type\":\"ImageObject\",\"@id\":\"http:\/\/heol-cafe.com\/index.php\/dernier-train-pour-busan-de-yeon-sang-ho-la-critique-de-mocha\/#primaryimage\",\"inLanguage\":\"fr-FR\",\"url\":\"http:\/\/heol-cafe.com\/wp-content\/uploads\/2017\/03\/DSCN1474.jpg\",\"width\":4608,\"height\":3456},{\"@type\":\"WebPage\",\"@id\":\"http:\/\/heol-cafe.com\/index.php\/dernier-train-pour-busan-de-yeon-sang-ho-la-critique-de-mocha\/#webpage\",\"url\":\"http:\/\/heol-cafe.com\/index.php\/dernier-train-pour-busan-de-yeon-sang-ho-la-critique-de-mocha\/\",\"name\":\"DERNIER TRAIN POUR BUSAN de Yeon Sang-ho - La critique de Mocha - Heol Caf\\u00e9\",\"isPartOf\":{\"@id\":\"https:\/\/heol-cafe.com\/#website\"},\"primaryImageOfPage\":{\"@id\":\"http:\/\/heol-cafe.com\/index.php\/dernier-train-pour-busan-de-yeon-sang-ho-la-critique-de-mocha\/#primaryimage\"},\"datePublished\":\"2017-03-16T12:57:30+00:00\",\"dateModified\":\"2017-03-16T12:57:30+00:00\",\"description\":\"DERNIER TRAIN POUR BUSAN de Yeon Sang-ho. Blockbuster cor\\u00e9en de l'ann\\u00e9e 2016, film aux 11 millions de spectateurs. Zombies et critique soci\\u00e9tale.\",\"inLanguage\":\"fr-FR\",\"potentialAction\":[{\"@type\":\"ReadAction\",\"target\":[\"http:\/\/heol-cafe.com\/index.php\/dernier-train-pour-busan-de-yeon-sang-ho-la-critique-de-mocha\/\"]}]}]}<\/script>\n<!-- \/ Yoast SEO plugin. -->","_links":{"self":[{"href":"http:\/\/heol-cafe.com\/index.php\/wp-json\/wp\/v2\/pages\/773"}],"collection":[{"href":"http:\/\/heol-cafe.com\/index.php\/wp-json\/wp\/v2\/pages"}],"about":[{"href":"http:\/\/heol-cafe.com\/index.php\/wp-json\/wp\/v2\/types\/page"}],"author":[{"embeddable":true,"href":"http:\/\/heol-cafe.com\/index.php\/wp-json\/wp\/v2\/users\/6"}],"replies":[{"embeddable":true,"href":"http:\/\/heol-cafe.com\/index.php\/wp-json\/wp\/v2\/comments?post=773"}],"version-history":[{"count":15,"href":"http:\/\/heol-cafe.com\/index.php\/wp-json\/wp\/v2\/pages\/773\/revisions"}],"predecessor-version":[{"id":812,"href":"http:\/\/heol-cafe.com\/index.php\/wp-json\/wp\/v2\/pages\/773\/revisions\/812"}],"wp:attachment":[{"href":"http:\/\/heol-cafe.com\/index.php\/wp-json\/wp\/v2\/media?parent=773"}],"curies":[{"name":"wp","href":"https:\/\/api.w.org\/{rel}","templated":true}]}}