{"id":760,"date":"2017-03-16T13:55:15","date_gmt":"2017-03-16T12:55:15","guid":{"rendered":"http:\/\/heol-cafe.com\/?page_id=760"},"modified":"2017-03-16T13:55:15","modified_gmt":"2017-03-16T12:55:15","slug":"reach-for-the-sky-de-steven-dhoedt-et-choi-woo-young-la-critique-de-mocha","status":"publish","type":"page","link":"http:\/\/heol-cafe.com\/index.php\/reach-for-the-sky-de-steven-dhoedt-et-choi-woo-young-la-critique-de-mocha\/","title":{"rendered":"REACH FOR THE SKY de Steven Dhoedt et Choi Woo-young &#8211; La critique de Mocha"},"content":{"rendered":"<h3><img decoding=\"async\" loading=\"lazy\" class=\"wp-image-761 aligncenter\" src=\"http:\/\/heol-cafe.com\/wp-content\/uploads\/2017\/03\/Reach-for-the-sky-poster-filmosphere.jpg\" alt=\"\" width=\"296\" height=\"418\" srcset=\"http:\/\/heol-cafe.com\/wp-content\/uploads\/2017\/03\/Reach-for-the-sky-poster-filmosphere.jpg 681w, http:\/\/heol-cafe.com\/wp-content\/uploads\/2017\/03\/Reach-for-the-sky-poster-filmosphere-213x300.jpg 213w, http:\/\/heol-cafe.com\/wp-content\/uploads\/2017\/03\/Reach-for-the-sky-poster-filmosphere-150x211.jpg 150w, http:\/\/heol-cafe.com\/wp-content\/uploads\/2017\/03\/Reach-for-the-sky-poster-filmosphere-600x846.jpg 600w, http:\/\/heol-cafe.com\/wp-content\/uploads\/2017\/03\/Reach-for-the-sky-poster-filmosphere-400x564.jpg 400w\" sizes=\"(max-width: 296px) 100vw, 296px\" \/><\/h3>\n<h3>REACH FOR THE SKY de <em>Steven Dhoedt<\/em> et <em>Choi Woo-young<\/em> | Documentaire | 1h30 | 2015<\/h3>\n<p><strong>Reach for the SKY<\/strong> est une coproduction belge et cor\u00e9enne.<\/p>\n<p>Synopsis du documentaire : \u00ab<em>\u00a0SKY est l\u2019acronyme utilis\u00e9 pour d\u00e9signer les trois plus prestigieuses universit\u00e9s cor\u00e9ennes. Pour les lyc\u00e9ens, c\u2019est le Graal que seuls quelques uns parviendront \u00e0 atteindre. Pour cela, il leur faut obtenir la meilleure note possible au Suneung, le baccalaur\u00e9at cor\u00e9en. Une ann\u00e9e enti\u00e8re consacr\u00e9e aux r\u00e9visions, une ann\u00e9e pendant laquelle les r\u00e9alisateurs vont suivre lyc\u00e9ens, parents et professeurs pour observer le m\u00e9canisme de l\u2019\u00e9ducation cor\u00e9enne.\u00a0<\/em>\u00bb<\/p>\n<p><img decoding=\"async\" loading=\"lazy\" class=\"size-medium wp-image-762 aligncenter\" src=\"http:\/\/heol-cafe.com\/wp-content\/uploads\/2017\/03\/sky1-300x169.jpg\" alt=\"\" width=\"300\" height=\"169\" srcset=\"http:\/\/heol-cafe.com\/wp-content\/uploads\/2017\/03\/sky1-300x169.jpg 300w, http:\/\/heol-cafe.com\/wp-content\/uploads\/2017\/03\/sky1-150x84.jpg 150w, http:\/\/heol-cafe.com\/wp-content\/uploads\/2017\/03\/sky1-600x338.jpg 600w, http:\/\/heol-cafe.com\/wp-content\/uploads\/2017\/03\/sky1-400x225.jpg 400w, http:\/\/heol-cafe.com\/wp-content\/uploads\/2017\/03\/sky1.jpg 620w\" sizes=\"(max-width: 300px) 100vw, 300px\" \/><\/p>\n<p>J\u2019ai beaucoup aim\u00e9 ce petit documentaire qui montre le syst\u00e8me aux universit\u00e9s top 3 du pays\u00a0: SKY pour Seoul University, Korea Uiversity, et Yonsei University. Il illustre bien la pression sociale (si tu les int\u00e8gres pas tu as r\u00e2t\u00e9 ta vie), la pression de la famille, la concurrence, la difficult\u00e9 de l\u2019examen (QCM avec un taux minimum de r\u00e9ponses justes harvardien \u00e0 obtenir pour r\u00e9ussir et se classer), le co\u00fbt de la classe pr\u00e9paratoire, des cours particuliers, la place des superstitions (les parents vont questionner un chaman ou aller prier au temple pour la r\u00e9ussite de leurs enfants \u00e0 l\u2019examen national). Je crois que le plus impressionnant est l\u2019engagement tout entier du pays lors du passage de l\u2019examen\u00a0: les avions sont arr\u00eat\u00e9s, les h\u00e9licopt\u00e8res aussi pour ne pas faire de bruit pendant l\u2019examen, il y a une mise \u00e0 dispo de taxi pour les \u00e9l\u00e8ves et m\u00eame le recours \u00e0 un num\u00e9ro d\u2019urgence pour que les policiers vous am\u00e8nent \u00e0 l\u2019heure \u00e0 votre examen.<\/p>\n<p>Int\u00e9grer une universit\u00e9 des SKY c\u2019est \u00eatre en haut de la soci\u00e9t\u00e9, c\u2019est avoir la reconnaissance, \u00eatre quasi-certain d\u2019avoir une bonne position et consid\u00e9ration sociale.<\/p>\n<p>Dans le reportage on suit les \u00e9tudiants dans leur pr\u00e9paration au concours. On voit comment les chamans ou les profs priv\u00e9s se remplissent les poches sur le dos de ce syst\u00e8me, la cr\u00e9dulit\u00e9 des \u00e9tudiants et l\u2019auto pression qui s\u2019exerce.<\/p>\n<p>Beaucoup de points positifs mais une note finale o\u00f9 on nous montre le success-story plut\u00f4t que de nous parler aussi de ce qui arrive aux autres, \u00e0 ceux qui ne r\u00e9ussissent pas le concours pour les SKY, ceux qui se suicident, ceux qui se sont surendett\u00e9s pour les classes pr\u00e9pa (environ 10\u00a0000\u20ac l\u2019ann\u00e9e, autant qu\u2019une Grande Ecole de Commerce) et les cours particuliers. Que font-ils ensuite\u00a0? S\u2019en sortent-ils\u00a0? Choisissent-ils de recommencer ou d\u2019int\u00e9grer des universit\u00e9s plus modestes\u00a0? Ont-ils et gardent-ils le sentiment d\u2019avoir \u00ab\u00a0\u00e9chou\u00e9\u00a0\u00bb m\u00eame s\u2019ils font un autre parcours\u00a0?<\/p>\n<p>Je pense que les r\u00e9alisateurs ont voulu pointer le syst\u00e8me avec ironie mais rester sur un message d\u2019espoir. Pour nous fran\u00e7ais le film aurait gagn\u00e9 \u00e0 \u00eatre plus critique mais les cor\u00e9ens sont encore au stade de l\u2019acceptation du caract\u00e8re inhumain de ce syst\u00e8me (obsession de la r\u00e9ussite sociale et scolaire), et c\u2019est d\u00e9j\u00e0 un d\u00e9but.<\/p>\n<p><strong>Ma note\u00a0: 4\/5<\/strong><\/p>\n<p><img decoding=\"async\" loading=\"lazy\" class=\"wp-image-763 size-full aligncenter\" src=\"http:\/\/heol-cafe.com\/wp-content\/uploads\/2017\/03\/reach1.jpg\" alt=\"\" width=\"500\" height=\"232\" srcset=\"http:\/\/heol-cafe.com\/wp-content\/uploads\/2017\/03\/reach1.jpg 500w, http:\/\/heol-cafe.com\/wp-content\/uploads\/2017\/03\/reach1-300x139.jpg 300w, http:\/\/heol-cafe.com\/wp-content\/uploads\/2017\/03\/reach1-150x70.jpg 150w, http:\/\/heol-cafe.com\/wp-content\/uploads\/2017\/03\/reach1-400x186.jpg 400w\" sizes=\"(max-width: 500px) 100vw, 500px\" \/><\/p>\n<p><img decoding=\"async\" loading=\"lazy\" class=\"wp-image-764 size-full aligncenter\" src=\"http:\/\/heol-cafe.com\/wp-content\/uploads\/2017\/03\/reach2.jpg\" alt=\"\" width=\"500\" height=\"241\" srcset=\"http:\/\/heol-cafe.com\/wp-content\/uploads\/2017\/03\/reach2.jpg 500w, http:\/\/heol-cafe.com\/wp-content\/uploads\/2017\/03\/reach2-300x145.jpg 300w, http:\/\/heol-cafe.com\/wp-content\/uploads\/2017\/03\/reach2-150x72.jpg 150w, http:\/\/heol-cafe.com\/wp-content\/uploads\/2017\/03\/reach2-400x193.jpg 400w\" sizes=\"(max-width: 500px) 100vw, 500px\" \/><\/p>\n<p><img decoding=\"async\" loading=\"lazy\" class=\"wp-image-765 aligncenter\" src=\"http:\/\/heol-cafe.com\/wp-content\/uploads\/2017\/03\/reach3.jpg\" alt=\"\" width=\"499\" height=\"281\" srcset=\"http:\/\/heol-cafe.com\/wp-content\/uploads\/2017\/03\/reach3.jpg 1920w, http:\/\/heol-cafe.com\/wp-content\/uploads\/2017\/03\/reach3-300x169.jpg 300w, http:\/\/heol-cafe.com\/wp-content\/uploads\/2017\/03\/reach3-768x432.jpg 768w, http:\/\/heol-cafe.com\/wp-content\/uploads\/2017\/03\/reach3-1024x576.jpg 1024w, http:\/\/heol-cafe.com\/wp-content\/uploads\/2017\/03\/reach3-150x84.jpg 150w, http:\/\/heol-cafe.com\/wp-content\/uploads\/2017\/03\/reach3-600x338.jpg 600w, http:\/\/heol-cafe.com\/wp-content\/uploads\/2017\/03\/reach3-400x225.jpg 400w\" sizes=\"(max-width: 499px) 100vw, 499px\" \/><\/p>\n<p>Pour plus d&rsquo;explications sur la vision des r\u00e9alisateurs on vous conseille d&rsquo;aller lire <a href=\"http:\/\/eastasia.fr\/2016\/11\/05\/ffcp-2016-entretien-avec-steven-dhoedt-pour-reach-for-the-sky\/\">l&rsquo;entretien de EastAsia<\/a> lors du FFCP 2016.<\/p>\n<p>&nbsp;<\/p>\n","protected":false},"excerpt":{"rendered":"<p>REACH FOR THE SKY de Steven Dhoedt et Choi Woo-young | Documentaire | 1h30 | 2015 Reach for the SKY est une coproduction belge et cor\u00e9enne. Synopsis du documentaire : \u00ab\u00a0SKY est l\u2019acronyme utilis\u00e9 pour d\u00e9signer les trois plus prestigieuses universit\u00e9s cor\u00e9ennes. Pour les lyc\u00e9ens, c\u2019est le Graal que seuls quelques uns parviendront \u00e0 atteindre.<\/p>\n","protected":false},"author":6,"featured_media":0,"parent":0,"menu_order":0,"comment_status":"closed","ping_status":"closed","template":"","meta":{"sfsi_plus_gutenberg_text_before_share":"","sfsi_plus_gutenberg_show_text_before_share":"","sfsi_plus_gutenberg_icon_type":"","sfsi_plus_gutenberg_icon_alignemt":"","sfsi_plus_gutenburg_max_per_row":""},"yoast_head":"<!-- This site is optimized with the Yoast SEO plugin v15.6.2 - https:\/\/yoast.com\/wordpress\/plugins\/seo\/ -->\n<title>REACH FOR THE SKY de Steven Dhoedt et Choi Woo-young - La critique de Mocha - Heol Caf\u00e9<\/title>\n<meta name=\"description\" content=\"REACH FOR THE SKY de Steven Dhoedt et Choi Woo-young, un documentaire sur le syst\u00e8me \u00e9ducatif cor\u00e9en et le passage du Suneung, l\u2019\u00e9quivalent du baccalaur\u00e9at.\" \/>\n<meta name=\"robots\" content=\"index, follow, max-snippet:-1, max-image-preview:large, max-video-preview:-1\" \/>\n<link rel=\"canonical\" href=\"http:\/\/heol-cafe.com\/index.php\/reach-for-the-sky-de-steven-dhoedt-et-choi-woo-young-la-critique-de-mocha\/\" \/>\n<meta property=\"og:locale\" content=\"fr_FR\" \/>\n<meta property=\"og:type\" content=\"article\" \/>\n<meta property=\"og:title\" content=\"REACH FOR THE SKY de Steven Dhoedt et Choi Woo-young - La critique de Mocha - Heol Caf\u00e9\" \/>\n<meta property=\"og:description\" content=\"REACH FOR THE SKY de Steven Dhoedt et Choi Woo-young, un documentaire sur le syst\u00e8me \u00e9ducatif cor\u00e9en et le passage du Suneung, l\u2019\u00e9quivalent du baccalaur\u00e9at.\" \/>\n<meta property=\"og:url\" content=\"http:\/\/heol-cafe.com\/index.php\/reach-for-the-sky-de-steven-dhoedt-et-choi-woo-young-la-critique-de-mocha\/\" \/>\n<meta property=\"og:site_name\" content=\"Heol Caf\u00e9\" \/>\n<meta property=\"article:publisher\" content=\"https:\/\/www.facebook.com\/heolcafe\/\" \/>\n<meta property=\"og:image\" content=\"http:\/\/heol-cafe.com\/wp-content\/uploads\/2017\/03\/Reach-for-the-sky-poster-filmosphere.jpg\" \/>\n<meta name=\"twitter:card\" content=\"summary\" \/>\n<meta name=\"twitter:site\" content=\"@HeolCafe\" \/>\n<meta name=\"twitter:label1\" content=\"Dur\u00e9e de lecture est.\">\n\t<meta name=\"twitter:data1\" content=\"3 minutes\">\n<script type=\"application\/ld+json\" class=\"yoast-schema-graph\">{\"@context\":\"https:\/\/schema.org\",\"@graph\":[{\"@type\":\"WebSite\",\"@id\":\"http:\/\/heol-cafe.com\/#website\",\"url\":\"http:\/\/heol-cafe.com\/\",\"name\":\"Heol Caf\\u00e9\",\"description\":\"Quand la Cor\\u00e9e nous surprend !\",\"potentialAction\":[{\"@type\":\"SearchAction\",\"target\":\"http:\/\/heol-cafe.com\/?s={search_term_string}\",\"query-input\":\"required name=search_term_string\"}],\"inLanguage\":\"fr-FR\"},{\"@type\":\"ImageObject\",\"@id\":\"http:\/\/heol-cafe.com\/index.php\/reach-for-the-sky-de-steven-dhoedt-et-choi-woo-young-la-critique-de-mocha\/#primaryimage\",\"inLanguage\":\"fr-FR\",\"url\":\"http:\/\/heol-cafe.com\/wp-content\/uploads\/2017\/03\/Reach-for-the-sky-poster-filmosphere.jpg\",\"width\":681,\"height\":960},{\"@type\":\"WebPage\",\"@id\":\"http:\/\/heol-cafe.com\/index.php\/reach-for-the-sky-de-steven-dhoedt-et-choi-woo-young-la-critique-de-mocha\/#webpage\",\"url\":\"http:\/\/heol-cafe.com\/index.php\/reach-for-the-sky-de-steven-dhoedt-et-choi-woo-young-la-critique-de-mocha\/\",\"name\":\"REACH FOR THE SKY de Steven Dhoedt et Choi Woo-young - La critique de Mocha - Heol Caf\\u00e9\",\"isPartOf\":{\"@id\":\"http:\/\/heol-cafe.com\/#website\"},\"primaryImageOfPage\":{\"@id\":\"http:\/\/heol-cafe.com\/index.php\/reach-for-the-sky-de-steven-dhoedt-et-choi-woo-young-la-critique-de-mocha\/#primaryimage\"},\"datePublished\":\"2017-03-16T12:55:15+00:00\",\"dateModified\":\"2017-03-16T12:55:15+00:00\",\"description\":\"REACH FOR THE SKY de Steven Dhoedt et Choi Woo-young, un documentaire sur le syst\\u00e8me \\u00e9ducatif cor\\u00e9en et le passage du Suneung, l\\u2019\\u00e9quivalent du baccalaur\\u00e9at.\",\"inLanguage\":\"fr-FR\",\"potentialAction\":[{\"@type\":\"ReadAction\",\"target\":[\"http:\/\/heol-cafe.com\/index.php\/reach-for-the-sky-de-steven-dhoedt-et-choi-woo-young-la-critique-de-mocha\/\"]}]}]}<\/script>\n<!-- \/ Yoast SEO plugin. -->","_links":{"self":[{"href":"http:\/\/heol-cafe.com\/index.php\/wp-json\/wp\/v2\/pages\/760"}],"collection":[{"href":"http:\/\/heol-cafe.com\/index.php\/wp-json\/wp\/v2\/pages"}],"about":[{"href":"http:\/\/heol-cafe.com\/index.php\/wp-json\/wp\/v2\/types\/page"}],"author":[{"embeddable":true,"href":"http:\/\/heol-cafe.com\/index.php\/wp-json\/wp\/v2\/users\/6"}],"replies":[{"embeddable":true,"href":"http:\/\/heol-cafe.com\/index.php\/wp-json\/wp\/v2\/comments?post=760"}],"version-history":[{"count":3,"href":"http:\/\/heol-cafe.com\/index.php\/wp-json\/wp\/v2\/pages\/760\/revisions"}],"predecessor-version":[{"id":809,"href":"http:\/\/heol-cafe.com\/index.php\/wp-json\/wp\/v2\/pages\/760\/revisions\/809"}],"wp:attachment":[{"href":"http:\/\/heol-cafe.com\/index.php\/wp-json\/wp\/v2\/media?parent=760"}],"curies":[{"name":"wp","href":"https:\/\/api.w.org\/{rel}","templated":true}]}}