{"id":750,"date":"2017-03-16T13:53:22","date_gmt":"2017-03-16T12:53:22","guid":{"rendered":"http:\/\/heol-cafe.com\/?page_id=750"},"modified":"2017-03-16T13:53:22","modified_gmt":"2017-03-16T12:53:22","slug":"the-tiger-de-park-hoon-jung-la-chronique-de-mocha","status":"publish","type":"page","link":"http:\/\/heol-cafe.com\/index.php\/the-tiger-de-park-hoon-jung-la-chronique-de-mocha\/","title":{"rendered":"THE TIGER de Park Hoon-jung &#8211; La chronique de Mocha"},"content":{"rendered":"<h3><img decoding=\"async\" loading=\"lazy\" class=\"size-full wp-image-751 aligncenter\" src=\"http:\/\/heol-cafe.com\/wp-content\/uploads\/2017\/03\/tiger2.jpg\" alt=\"\" width=\"460\" height=\"268\" srcset=\"http:\/\/heol-cafe.com\/wp-content\/uploads\/2017\/03\/tiger2.jpg 460w, http:\/\/heol-cafe.com\/wp-content\/uploads\/2017\/03\/tiger2-300x175.jpg 300w, http:\/\/heol-cafe.com\/wp-content\/uploads\/2017\/03\/tiger2-150x87.jpg 150w, http:\/\/heol-cafe.com\/wp-content\/uploads\/2017\/03\/tiger2-400x233.jpg 400w\" sizes=\"(max-width: 460px) 100vw, 460px\" \/><\/h3>\n<h3><strong>THE TIGER <\/strong>de <a href=\"http:\/\/www.allocine.fr\/personne\/fichepersonne_gen_cpersonne=212601.html\">Park Hoon-jung<\/a> | Action-Aventure | 2h19 | 2015<\/h3>\n<p>Synopsis du film : \u201c<em>Cor\u00e9e, 1925. Man-duk vit sur le Mont Jirisan avec son fils de 16 ans. Il fut un temps o\u00f9 il \u00e9tait le meilleur chasseur du pays, mais depuis la mort de sa femme, ces jours sont derri\u00e8re lui. Le gouverneur japonais fait syst\u00e9matiquement abattre tous les tigres de la r\u00e9gion, animal symbole de la r\u00e9bellion cor\u00e9enne, \u00e0 tel point qu\u2019il n\u2019en reste plus qu\u2019un dans la montagne, craint et respect\u00e9 de tous. Pour le chasser, les Japonais engagent un groupe de chasseurs cor\u00e9ens, qui aimeraient que Man-duk se joigne \u00e0 eux\u2026<\/em>\u00a0\u00bb<\/p>\n<p>C&rsquo;est un tr\u00e8s beau film visuellement, un plaisir \u00e0 voir sur grand \u00e9cran.<\/p>\n<p><u>Les bons points\u00a0:<\/u><\/p>\n<ul>\n<li>Des paysages enneig\u00e9s spectaculaires.<\/li>\n<li>Un tigre impressionnant et une symbolique omnipr\u00e9sente.<\/li>\n<li>Une critique de la chasse au tigre, de l\u2019extinction du tigre en Cor\u00e9e. Une grand importance donn\u00e9e au respect de la nature et de ses droits.<\/li>\n<li>Le tigre, symbole de la r\u00e9bellion sud-cor\u00e9enne pour les japonais, est mis sur un pied d\u2019\u00e9galit\u00e9 avec l\u2019homme (le chasseur cor\u00e9en Man-duk) dans la fin du film. Au final, l\u2019homme et le tigre se battent tous les deux pour leur territoire, leur prog\u00e9niture et pour leur survie.<\/li>\n<li>La musique tant\u00f4t angoissante tant\u00f4t lyrique conf\u00e8re une \u00e2me au film.<\/li>\n<\/ul>\n<p><u>Les b\u00e9mols\u00a0:<\/u><\/p>\n<ul>\n<li>Un film assez long qui peut lasser certains.<\/li>\n<li>Les symboles ne sont pas assez explicites, c\u2019est au spectateur de tout interpr\u00e9ter.<\/li>\n<li>Il faut se d\u00e9tacher des personnages car l\u2019histoire ne se sert d\u2019eux que comme une immense m\u00e9taphore de ce que chacun repr\u00e9sente. Il faut essayer de ne pas trop prendre \u00e0 c\u0153ur les morts qui ont lieu pendant le film (travail que je trouve difficile quand on n\u2019est pas averti).<\/li>\n<\/ul>\n<p>Il y a un travail de recul \u00e0 faire pour identifier qui est quoi, que repr\u00e9sente l\u2019envahisseur japonais, les braconniers, l\u2019homme qui vit dans la montagne, le fils, le tigre\u2026<\/p>\n<p>Petit (+)\u00a0: on retrouve pas mal d\u2019acteurs de drama (qui ont souvent jou\u00e9 des r\u00f4les d\u2019adjusshi), leur apparition est plaisante mais leur r\u00f4le est moindre.<\/p>\n<p><strong>Ma note\u00a0: 3\/5<\/strong><\/p>\n<p>Un tigre fascinant et une dimension fantastique qui donne un aspect surr\u00e9aliste au film (qui est cens\u00e9 \u00eatre un conte\/une l\u00e9gende). La beaut\u00e9 esth\u00e9tique et symbolique du film a pour moi estomp\u00e9 les p\u00e9pins sc\u00e9naristiques.<\/p>\n<p><img decoding=\"async\" loading=\"lazy\" class=\"alignnone wp-image-752\" src=\"http:\/\/heol-cafe.com\/wp-content\/uploads\/2017\/03\/tiger3-300x200.jpg\" alt=\"\" width=\"311\" height=\"207\" srcset=\"http:\/\/heol-cafe.com\/wp-content\/uploads\/2017\/03\/tiger3-300x200.jpg 300w, http:\/\/heol-cafe.com\/wp-content\/uploads\/2017\/03\/tiger3-768x512.jpg 768w, http:\/\/heol-cafe.com\/wp-content\/uploads\/2017\/03\/tiger3-150x100.jpg 150w, http:\/\/heol-cafe.com\/wp-content\/uploads\/2017\/03\/tiger3-600x400.jpg 600w, http:\/\/heol-cafe.com\/wp-content\/uploads\/2017\/03\/tiger3-400x267.jpg 400w, http:\/\/heol-cafe.com\/wp-content\/uploads\/2017\/03\/tiger3.jpg 945w\" sizes=\"(max-width: 311px) 100vw, 311px\" \/>\u00a0 \u00a0 <img decoding=\"async\" loading=\"lazy\" class=\"alignnone wp-image-753\" src=\"http:\/\/heol-cafe.com\/wp-content\/uploads\/2017\/03\/tiger4-300x225.jpg\" alt=\"\" width=\"276\" height=\"207\" srcset=\"http:\/\/heol-cafe.com\/wp-content\/uploads\/2017\/03\/tiger4-300x225.jpg 300w, http:\/\/heol-cafe.com\/wp-content\/uploads\/2017\/03\/tiger4-768x576.jpg 768w, http:\/\/heol-cafe.com\/wp-content\/uploads\/2017\/03\/tiger4-1024x768.jpg 1024w, http:\/\/heol-cafe.com\/wp-content\/uploads\/2017\/03\/tiger4-150x112.jpg 150w, http:\/\/heol-cafe.com\/wp-content\/uploads\/2017\/03\/tiger4-600x450.jpg 600w, http:\/\/heol-cafe.com\/wp-content\/uploads\/2017\/03\/tiger4-400x300.jpg 400w\" sizes=\"(max-width: 276px) 100vw, 276px\" \/>\u00a0 <img decoding=\"async\" loading=\"lazy\" class=\"alignnone wp-image-755\" src=\"http:\/\/heol-cafe.com\/wp-content\/uploads\/2017\/03\/tiger7-300x200.jpg\" alt=\"\" width=\"311\" height=\"207\" srcset=\"http:\/\/heol-cafe.com\/wp-content\/uploads\/2017\/03\/tiger7-300x200.jpg 300w, http:\/\/heol-cafe.com\/wp-content\/uploads\/2017\/03\/tiger7-768x512.jpg 768w, http:\/\/heol-cafe.com\/wp-content\/uploads\/2017\/03\/tiger7-150x100.jpg 150w, http:\/\/heol-cafe.com\/wp-content\/uploads\/2017\/03\/tiger7-600x400.jpg 600w, http:\/\/heol-cafe.com\/wp-content\/uploads\/2017\/03\/tiger7-400x267.jpg 400w, http:\/\/heol-cafe.com\/wp-content\/uploads\/2017\/03\/tiger7.jpg 945w\" sizes=\"(max-width: 311px) 100vw, 311px\" \/> \u00a0\u00a0 <img decoding=\"async\" loading=\"lazy\" class=\"alignnone size-medium wp-image-756\" src=\"http:\/\/heol-cafe.com\/wp-content\/uploads\/2017\/03\/tiger1-300x200.jpg\" alt=\"\" width=\"300\" height=\"200\" srcset=\"http:\/\/heol-cafe.com\/wp-content\/uploads\/2017\/03\/tiger1-300x200.jpg 300w, http:\/\/heol-cafe.com\/wp-content\/uploads\/2017\/03\/tiger1-150x100.jpg 150w, http:\/\/heol-cafe.com\/wp-content\/uploads\/2017\/03\/tiger1-400x266.jpg 400w, http:\/\/heol-cafe.com\/wp-content\/uploads\/2017\/03\/tiger1.jpg 500w\" sizes=\"(max-width: 300px) 100vw, 300px\" \/><\/p>\n","protected":false},"excerpt":{"rendered":"<p>THE TIGER de Park Hoon-jung | Action-Aventure | 2h19 | 2015 Synopsis du film : \u201cCor\u00e9e, 1925. Man-duk vit sur le Mont Jirisan avec son fils de 16 ans. Il fut un temps o\u00f9 il \u00e9tait le meilleur chasseur du pays, mais depuis la mort de sa femme, ces jours sont derri\u00e8re lui. Le gouverneur<\/p>\n","protected":false},"author":6,"featured_media":0,"parent":0,"menu_order":0,"comment_status":"closed","ping_status":"closed","template":"","meta":{"sfsi_plus_gutenberg_text_before_share":"","sfsi_plus_gutenberg_show_text_before_share":"","sfsi_plus_gutenberg_icon_type":"","sfsi_plus_gutenberg_icon_alignemt":"","sfsi_plus_gutenburg_max_per_row":""},"yoast_head":"<!-- This site is optimized with the Yoast SEO plugin v15.6.2 - https:\/\/yoast.com\/wordpress\/plugins\/seo\/ -->\n<title>THE TIGER de Park Hoon-jung - La chronique de Mocha - Heol Caf\u00e9<\/title>\n<meta name=\"description\" content=\"THE TIGER de Park Hoon-jung, un magnifique film racont\u00e9 comme un conte tragique qui fait r\u00e9fl\u00e9chir sur le cycle de la vie.\" \/>\n<meta name=\"robots\" content=\"index, follow, max-snippet:-1, max-image-preview:large, max-video-preview:-1\" \/>\n<link rel=\"canonical\" href=\"http:\/\/heol-cafe.com\/index.php\/the-tiger-de-park-hoon-jung-la-chronique-de-mocha\/\" \/>\n<meta property=\"og:locale\" content=\"fr_FR\" \/>\n<meta property=\"og:type\" content=\"article\" \/>\n<meta property=\"og:title\" content=\"THE TIGER de Park Hoon-jung - La chronique de Mocha - Heol Caf\u00e9\" \/>\n<meta property=\"og:description\" content=\"THE TIGER de Park Hoon-jung, un magnifique film racont\u00e9 comme un conte tragique qui fait r\u00e9fl\u00e9chir sur le cycle de la vie.\" \/>\n<meta property=\"og:url\" content=\"http:\/\/heol-cafe.com\/index.php\/the-tiger-de-park-hoon-jung-la-chronique-de-mocha\/\" \/>\n<meta property=\"og:site_name\" content=\"Heol Caf\u00e9\" \/>\n<meta property=\"article:publisher\" content=\"https:\/\/www.facebook.com\/heolcafe\/\" \/>\n<meta property=\"og:image\" content=\"http:\/\/heol-cafe.com\/wp-content\/uploads\/2017\/03\/tiger2.jpg\" \/>\n<meta name=\"twitter:card\" content=\"summary\" \/>\n<meta name=\"twitter:site\" content=\"@HeolCafe\" \/>\n<meta name=\"twitter:label1\" content=\"Dur\u00e9e de lecture est.\">\n\t<meta name=\"twitter:data1\" content=\"2 minutes\">\n<script type=\"application\/ld+json\" class=\"yoast-schema-graph\">{\"@context\":\"https:\/\/schema.org\",\"@graph\":[{\"@type\":\"WebSite\",\"@id\":\"http:\/\/heol-cafe.com\/#website\",\"url\":\"http:\/\/heol-cafe.com\/\",\"name\":\"Heol Caf\\u00e9\",\"description\":\"Quand la Cor\\u00e9e nous surprend !\",\"potentialAction\":[{\"@type\":\"SearchAction\",\"target\":\"http:\/\/heol-cafe.com\/?s={search_term_string}\",\"query-input\":\"required name=search_term_string\"}],\"inLanguage\":\"fr-FR\"},{\"@type\":\"ImageObject\",\"@id\":\"http:\/\/heol-cafe.com\/index.php\/the-tiger-de-park-hoon-jung-la-chronique-de-mocha\/#primaryimage\",\"inLanguage\":\"fr-FR\",\"url\":\"http:\/\/heol-cafe.com\/wp-content\/uploads\/2017\/03\/tiger2.jpg\",\"width\":460,\"height\":268},{\"@type\":\"WebPage\",\"@id\":\"http:\/\/heol-cafe.com\/index.php\/the-tiger-de-park-hoon-jung-la-chronique-de-mocha\/#webpage\",\"url\":\"http:\/\/heol-cafe.com\/index.php\/the-tiger-de-park-hoon-jung-la-chronique-de-mocha\/\",\"name\":\"THE TIGER de Park Hoon-jung - La chronique de Mocha - Heol Caf\\u00e9\",\"isPartOf\":{\"@id\":\"http:\/\/heol-cafe.com\/#website\"},\"primaryImageOfPage\":{\"@id\":\"http:\/\/heol-cafe.com\/index.php\/the-tiger-de-park-hoon-jung-la-chronique-de-mocha\/#primaryimage\"},\"datePublished\":\"2017-03-16T12:53:22+00:00\",\"dateModified\":\"2017-03-16T12:53:22+00:00\",\"description\":\"THE TIGER de Park Hoon-jung, un magnifique film racont\\u00e9 comme un conte tragique qui fait r\\u00e9fl\\u00e9chir sur le cycle de la vie.\",\"inLanguage\":\"fr-FR\",\"potentialAction\":[{\"@type\":\"ReadAction\",\"target\":[\"http:\/\/heol-cafe.com\/index.php\/the-tiger-de-park-hoon-jung-la-chronique-de-mocha\/\"]}]}]}<\/script>\n<!-- \/ Yoast SEO plugin. -->","_links":{"self":[{"href":"http:\/\/heol-cafe.com\/index.php\/wp-json\/wp\/v2\/pages\/750"}],"collection":[{"href":"http:\/\/heol-cafe.com\/index.php\/wp-json\/wp\/v2\/pages"}],"about":[{"href":"http:\/\/heol-cafe.com\/index.php\/wp-json\/wp\/v2\/types\/page"}],"author":[{"embeddable":true,"href":"http:\/\/heol-cafe.com\/index.php\/wp-json\/wp\/v2\/users\/6"}],"replies":[{"embeddable":true,"href":"http:\/\/heol-cafe.com\/index.php\/wp-json\/wp\/v2\/comments?post=750"}],"version-history":[{"count":3,"href":"http:\/\/heol-cafe.com\/index.php\/wp-json\/wp\/v2\/pages\/750\/revisions"}],"predecessor-version":[{"id":814,"href":"http:\/\/heol-cafe.com\/index.php\/wp-json\/wp\/v2\/pages\/750\/revisions\/814"}],"wp:attachment":[{"href":"http:\/\/heol-cafe.com\/index.php\/wp-json\/wp\/v2\/media?parent=750"}],"curies":[{"name":"wp","href":"https:\/\/api.w.org\/{rel}","templated":true}]}}