{"id":732,"date":"2017-03-16T13:47:59","date_gmt":"2017-03-16T12:47:59","guid":{"rendered":"http:\/\/heol-cafe.com\/?page_id=732"},"modified":"2017-03-16T13:47:59","modified_gmt":"2017-03-16T12:47:59","slug":"musa-la-princesse-du-desert-de-kim-sung-soo-la-critique-de-mocha","status":"publish","type":"page","link":"http:\/\/heol-cafe.com\/index.php\/musa-la-princesse-du-desert-de-kim-sung-soo-la-critique-de-mocha\/","title":{"rendered":"MUSA, LA PRINCESSE DU D\u00c9SERT de Kim Sung-Soo &#8211; La critique de Mocha"},"content":{"rendered":"<h3><img decoding=\"async\" loading=\"lazy\" class=\"wp-image-733 aligncenter\" src=\"http:\/\/heol-cafe.com\/wp-content\/uploads\/2017\/03\/musa4.jpg\" alt=\"\" width=\"345\" height=\"460\" srcset=\"http:\/\/heol-cafe.com\/wp-content\/uploads\/2017\/03\/musa4.jpg 500w, http:\/\/heol-cafe.com\/wp-content\/uploads\/2017\/03\/musa4-225x300.jpg 225w, http:\/\/heol-cafe.com\/wp-content\/uploads\/2017\/03\/musa4-150x200.jpg 150w, http:\/\/heol-cafe.com\/wp-content\/uploads\/2017\/03\/musa4-400x534.jpg 400w\" sizes=\"(max-width: 345px) 100vw, 345px\" \/><\/h3>\n<h3><strong>MUSA, LA PRINCESSE DU D\u00c9SERT <\/strong>de <a href=\"http:\/\/www.nautiljon.com\/people\/kim+seong+su+(r%C3%A9alisateur).html\">Kim Sung-Soo<\/a> | Action-Histoire | 2h08 | 2001<\/h3>\n<p>Synopsis du film : \u00ab\u00a0<em>Au 14\u00e8me si\u00e8cle, les seigneurs Ming renversent l\u2019Empereur mongol qui gouvernait alors la Chine. Une troupe de guerriers mongols, vaincus et en fuite, enl\u00e8vent alors une princesse Ming. Une d\u00e9l\u00e9gation de diplomates et soldats cor\u00e9ens, venus sceller un pacte de paix avec le nouvel empereur, croise la route des guerriers mongols en fuite\u2026<\/em>\u00a0\u00bb<\/p>\n<p>Pour dire vrai, je m\u2019attendais \u00e0 un super film historique avec une belle romance\u2026 eh bien non.<\/p>\n<p>Certes les sc\u00e8nes de combat sont \u00e9piques mais la fin du film laisse \u00e0 d\u00e9sirer. Une princesse pas badass du tout, tr\u00e8s belle (actrice <a href=\"http:\/\/www.nautiljon.com\/people\/zhang+ziyi.html\">Zhang Ziyi<\/a>) mais absolument insupportable. Elle ne sert pas \u00e0 grand-chose \u00e0 part donner un peu de motivation aux deux personnages masculins principaux pour aller tailler du Mongol pas content. Le sc\u00e9nario type de la demoiselle en d\u00e9tresse pour qui tout le monde se bat mais qui n\u2019est m\u00eame pas capable de prot\u00e9ger son peuple.<\/p>\n<p><u>Les bons points\u00a0:<\/u><\/p>\n<ul>\n<li>Un semblant de film chinois historique (c\u2019est une production cor\u00e9enne et chinoise apr\u00e8s tout)<\/li>\n<li>Les acteurs \u00ab\u00a0belle gueule\u00a0\u00bb\u00a0: <a href=\"http:\/\/www.nautiljon.com\/people\/jeong+wu+seong.html\"><strong><em>Jeong Woo-Seong<\/em><\/strong><\/a> dans le r\u00f4le de l\u2019esclave et <a href=\"http:\/\/www.nautiljon.com\/people\/ju+jin+mo+(1974).html\"><strong><em>Joo Jin-Mo<\/em><\/strong><\/a> dans celui du g\u00e9n\u00e9ral cor\u00e9en impulsif<\/li>\n<li>Les beaux d\u00e9cors naturels<\/li>\n<li>Coup de c\u0153ur pour le chef des mongols (oui je sais c\u2019est le m\u00e9chant)<\/li>\n<\/ul>\n<p><u>Les b\u00e9mols\u00a0:<\/u><\/p>\n<ul>\n<li>La princesse qui est un v\u00e9ritable boulet<\/li>\n<li>Le sacrifice et le code de l\u2019honneur des personnages masculins principaux qui est vain (\u00ab\u00a0tu t\u2019es sacrifi\u00e9 pour rien mon vieux\u00a0\u00bb) mais bon j\u2019imagine qu\u2019\u00e0 l\u2019\u00e9poque c\u2019\u00e9tait le summum de la classe\u2026<\/li>\n<\/ul>\n<p><strong>Ma note\u00a0: 3\/5<\/strong><\/p>\n<p><img decoding=\"async\" loading=\"lazy\" class=\"alignnone size-medium wp-image-734\" src=\"http:\/\/heol-cafe.com\/wp-content\/uploads\/2017\/03\/musa2-300x212.jpg\" alt=\"\" width=\"300\" height=\"212\" srcset=\"http:\/\/heol-cafe.com\/wp-content\/uploads\/2017\/03\/musa2-300x212.jpg 300w, http:\/\/heol-cafe.com\/wp-content\/uploads\/2017\/03\/musa2-768x544.jpg 768w, http:\/\/heol-cafe.com\/wp-content\/uploads\/2017\/03\/musa2-150x106.jpg 150w, http:\/\/heol-cafe.com\/wp-content\/uploads\/2017\/03\/musa2-600x425.jpg 600w, http:\/\/heol-cafe.com\/wp-content\/uploads\/2017\/03\/musa2-400x283.jpg 400w, http:\/\/heol-cafe.com\/wp-content\/uploads\/2017\/03\/musa2.jpg 1000w\" sizes=\"(max-width: 300px) 100vw, 300px\" \/>\u00a0\u00a0\u00a0\u00a0\u00a0\u00a0 <img decoding=\"async\" loading=\"lazy\" class=\"alignnone wp-image-735 \" src=\"http:\/\/heol-cafe.com\/wp-content\/uploads\/2017\/03\/musa5-e1489509293327-300x215.jpg\" alt=\"\" width=\"294\" height=\"211\" srcset=\"http:\/\/heol-cafe.com\/wp-content\/uploads\/2017\/03\/musa5-e1489509293327-300x215.jpg 300w, http:\/\/heol-cafe.com\/wp-content\/uploads\/2017\/03\/musa5-e1489509293327-150x107.jpg 150w, http:\/\/heol-cafe.com\/wp-content\/uploads\/2017\/03\/musa5-e1489509293327.jpg 365w\" sizes=\"(max-width: 294px) 100vw, 294px\" \/><\/p>\n<p>&nbsp;<\/p>\n","protected":false},"excerpt":{"rendered":"<p>MUSA, LA PRINCESSE DU D\u00c9SERT de Kim Sung-Soo | Action-Histoire | 2h08 | 2001 Synopsis du film : \u00ab\u00a0Au 14\u00e8me si\u00e8cle, les seigneurs Ming renversent l\u2019Empereur mongol qui gouvernait alors la Chine. Une troupe de guerriers mongols, vaincus et en fuite, enl\u00e8vent alors une princesse Ming. Une d\u00e9l\u00e9gation de diplomates et soldats cor\u00e9ens, venus sceller<\/p>\n","protected":false},"author":6,"featured_media":0,"parent":0,"menu_order":0,"comment_status":"closed","ping_status":"closed","template":"","meta":{"sfsi_plus_gutenberg_text_before_share":"","sfsi_plus_gutenberg_show_text_before_share":"","sfsi_plus_gutenberg_icon_type":"","sfsi_plus_gutenberg_icon_alignemt":"","sfsi_plus_gutenburg_max_per_row":""},"yoast_head":"<!-- This site is optimized with the Yoast SEO plugin v15.6.2 - https:\/\/yoast.com\/wordpress\/plugins\/seo\/ -->\n<title>MUSA, LA PRINCESSE DU D\u00c9SERT de Kim Sung-Soo - La critique de Mocha - Heol Caf\u00e9<\/title>\n<meta name=\"description\" content=\"Musa, la princesse du d\u00e9sert de Kim Sung-Soo - un film historique sud-cor\u00e9en et chinois sorti en 2001. Sc\u00e8nes de combat \u00e9piques.\" \/>\n<meta name=\"robots\" content=\"index, follow, max-snippet:-1, max-image-preview:large, max-video-preview:-1\" \/>\n<link rel=\"canonical\" href=\"http:\/\/heol-cafe.com\/index.php\/musa-la-princesse-du-desert-de-kim-sung-soo-la-critique-de-mocha\/\" \/>\n<meta property=\"og:locale\" content=\"fr_FR\" \/>\n<meta property=\"og:type\" content=\"article\" \/>\n<meta property=\"og:title\" content=\"MUSA, LA PRINCESSE DU D\u00c9SERT de Kim Sung-Soo - La critique de Mocha - Heol Caf\u00e9\" \/>\n<meta property=\"og:description\" content=\"Musa, la princesse du d\u00e9sert de Kim Sung-Soo - un film historique sud-cor\u00e9en et chinois sorti en 2001. Sc\u00e8nes de combat \u00e9piques.\" \/>\n<meta property=\"og:url\" content=\"http:\/\/heol-cafe.com\/index.php\/musa-la-princesse-du-desert-de-kim-sung-soo-la-critique-de-mocha\/\" \/>\n<meta property=\"og:site_name\" content=\"Heol Caf\u00e9\" \/>\n<meta property=\"article:publisher\" content=\"https:\/\/www.facebook.com\/heolcafe\/\" \/>\n<meta property=\"og:image\" content=\"http:\/\/heol-cafe.com\/wp-content\/uploads\/2017\/03\/musa4.jpg\" \/>\n<meta name=\"twitter:card\" content=\"summary\" \/>\n<meta name=\"twitter:site\" content=\"@HeolCafe\" \/>\n<meta name=\"twitter:label1\" content=\"Dur\u00e9e de lecture est.\">\n\t<meta name=\"twitter:data1\" content=\"1 minute\">\n<script type=\"application\/ld+json\" class=\"yoast-schema-graph\">{\"@context\":\"https:\/\/schema.org\",\"@graph\":[{\"@type\":\"WebSite\",\"@id\":\"http:\/\/heol-cafe.com\/#website\",\"url\":\"http:\/\/heol-cafe.com\/\",\"name\":\"Heol Caf\\u00e9\",\"description\":\"Quand la Cor\\u00e9e nous surprend !\",\"potentialAction\":[{\"@type\":\"SearchAction\",\"target\":\"http:\/\/heol-cafe.com\/?s={search_term_string}\",\"query-input\":\"required name=search_term_string\"}],\"inLanguage\":\"fr-FR\"},{\"@type\":\"ImageObject\",\"@id\":\"http:\/\/heol-cafe.com\/index.php\/musa-la-princesse-du-desert-de-kim-sung-soo-la-critique-de-mocha\/#primaryimage\",\"inLanguage\":\"fr-FR\",\"url\":\"http:\/\/heol-cafe.com\/wp-content\/uploads\/2017\/03\/musa4.jpg\",\"width\":500,\"height\":667},{\"@type\":\"WebPage\",\"@id\":\"http:\/\/heol-cafe.com\/index.php\/musa-la-princesse-du-desert-de-kim-sung-soo-la-critique-de-mocha\/#webpage\",\"url\":\"http:\/\/heol-cafe.com\/index.php\/musa-la-princesse-du-desert-de-kim-sung-soo-la-critique-de-mocha\/\",\"name\":\"MUSA, LA PRINCESSE DU D\\u00c9SERT de Kim Sung-Soo - La critique de Mocha - Heol Caf\\u00e9\",\"isPartOf\":{\"@id\":\"http:\/\/heol-cafe.com\/#website\"},\"primaryImageOfPage\":{\"@id\":\"http:\/\/heol-cafe.com\/index.php\/musa-la-princesse-du-desert-de-kim-sung-soo-la-critique-de-mocha\/#primaryimage\"},\"datePublished\":\"2017-03-16T12:47:59+00:00\",\"dateModified\":\"2017-03-16T12:47:59+00:00\",\"description\":\"Musa, la princesse du d\\u00e9sert de Kim Sung-Soo - un film historique sud-cor\\u00e9en et chinois sorti en 2001. Sc\\u00e8nes de combat \\u00e9piques.\",\"inLanguage\":\"fr-FR\",\"potentialAction\":[{\"@type\":\"ReadAction\",\"target\":[\"http:\/\/heol-cafe.com\/index.php\/musa-la-princesse-du-desert-de-kim-sung-soo-la-critique-de-mocha\/\"]}]}]}<\/script>\n<!-- \/ Yoast SEO plugin. -->","_links":{"self":[{"href":"http:\/\/heol-cafe.com\/index.php\/wp-json\/wp\/v2\/pages\/732"}],"collection":[{"href":"http:\/\/heol-cafe.com\/index.php\/wp-json\/wp\/v2\/pages"}],"about":[{"href":"http:\/\/heol-cafe.com\/index.php\/wp-json\/wp\/v2\/types\/page"}],"author":[{"embeddable":true,"href":"http:\/\/heol-cafe.com\/index.php\/wp-json\/wp\/v2\/users\/6"}],"replies":[{"embeddable":true,"href":"http:\/\/heol-cafe.com\/index.php\/wp-json\/wp\/v2\/comments?post=732"}],"version-history":[{"count":3,"href":"http:\/\/heol-cafe.com\/index.php\/wp-json\/wp\/v2\/pages\/732\/revisions"}],"predecessor-version":[{"id":808,"href":"http:\/\/heol-cafe.com\/index.php\/wp-json\/wp\/v2\/pages\/732\/revisions\/808"}],"wp:attachment":[{"href":"http:\/\/heol-cafe.com\/index.php\/wp-json\/wp\/v2\/media?parent=732"}],"curies":[{"name":"wp","href":"https:\/\/api.w.org\/{rel}","templated":true}]}}