{"id":722,"date":"2017-03-16T13:47:23","date_gmt":"2017-03-16T12:47:23","guid":{"rendered":"http:\/\/heol-cafe.com\/?page_id=722"},"modified":"2017-03-16T13:47:23","modified_gmt":"2017-03-16T12:47:23","slug":"kissing-cousin-de-chang-hyun-sang-la-critique-de-mocha","status":"publish","type":"page","link":"http:\/\/heol-cafe.com\/index.php\/kissing-cousin-de-chang-hyun-sang-la-critique-de-mocha\/","title":{"rendered":"KISSING COUSIN de Chang Hyun-sang &#8211; La critique de Mocha"},"content":{"rendered":"<h3><img decoding=\"async\" loading=\"lazy\" class=\"wp-image-725 aligncenter\" src=\"http:\/\/heol-cafe.com\/wp-content\/uploads\/2017\/03\/kissing4.jpg\" alt=\"\" width=\"283\" height=\"398\" srcset=\"http:\/\/heol-cafe.com\/wp-content\/uploads\/2017\/03\/kissing4.jpg 853w, http:\/\/heol-cafe.com\/wp-content\/uploads\/2017\/03\/kissing4-213x300.jpg 213w, http:\/\/heol-cafe.com\/wp-content\/uploads\/2017\/03\/kissing4-768x1080.jpg 768w, http:\/\/heol-cafe.com\/wp-content\/uploads\/2017\/03\/kissing4-728x1024.jpg 728w, http:\/\/heol-cafe.com\/wp-content\/uploads\/2017\/03\/kissing4-150x211.jpg 150w, http:\/\/heol-cafe.com\/wp-content\/uploads\/2017\/03\/kissing4-600x844.jpg 600w, http:\/\/heol-cafe.com\/wp-content\/uploads\/2017\/03\/kissing4-400x563.jpg 400w\" sizes=\"(max-width: 283px) 100vw, 283px\" \/><\/h3>\n<h3><strong>KISSING COUSIN <\/strong>de <a href=\"https:\/\/www.senscritique.com\/contact\/Chang_Hyun_Sang\/3288696\"><em>Chang Hyun-sang<\/em><\/a> | Drame | 1h43 | 2015<\/h3>\n<p>Synopsis du film : \u00ab\u00a0<em>Peu avant la fin de son service militaire, Tae-ik prend quelques jours de permission pour assister \u00e0 la r\u00e9union de famille que propose Ari, une cousine pour qui il a eu de forts sentiments quand il \u00e9tait enfant et qu\u2019il n\u2019a pas revue depuis douze ans. Pendant les quelques jours qu\u2019ils vont passer ensemble, les deux jeunes gens vont vivre des \u00e9motions plus fortes, mais devront aussi assumer des responsabilit\u00e9s plus lourdes que lorsqu\u2019ils \u00e9taient enfants.<\/em> \u00bb<\/p>\n<p>Petit film sympathique et mignon que je vous conseille si vous \u00eates dans ces attentes. C\u2019est tr\u00e8s soft, simple et touchant. J\u2019\u00e9tais \u00e9tonn\u00e9e du nombre de spectateurs masculins qui ont aim\u00e9 autour de moi.<\/p>\n<p>Les acteurs ne sont pas connus et cela donne une certaine fra\u00eecheur au film.<\/p>\n<p>Un film sans pr\u00e9tentions qui refl\u00e8te parfaitement la moiteur des \u00e9t\u00e9s sud-cor\u00e9ens et l\u2019attirance confuse de nos deux protagonistes. \u00a0Touchant, simple et efficace.<\/p>\n<p><strong>Ma note\u00a0: 3,5\/5<\/strong><\/p>\n<p><img decoding=\"async\" loading=\"lazy\" class=\"alignnone wp-image-724 size-medium\" src=\"http:\/\/heol-cafe.com\/wp-content\/uploads\/2017\/03\/kissing1-300x162.png\" alt=\"\" width=\"300\" height=\"162\" srcset=\"http:\/\/heol-cafe.com\/wp-content\/uploads\/2017\/03\/kissing1-300x162.png 300w, http:\/\/heol-cafe.com\/wp-content\/uploads\/2017\/03\/kissing1-768x415.png 768w, http:\/\/heol-cafe.com\/wp-content\/uploads\/2017\/03\/kissing1-1024x554.png 1024w, http:\/\/heol-cafe.com\/wp-content\/uploads\/2017\/03\/kissing1-150x81.png 150w, http:\/\/heol-cafe.com\/wp-content\/uploads\/2017\/03\/kissing1-600x324.png 600w, http:\/\/heol-cafe.com\/wp-content\/uploads\/2017\/03\/kissing1-400x216.png 400w, http:\/\/heol-cafe.com\/wp-content\/uploads\/2017\/03\/kissing1.png 1500w\" sizes=\"(max-width: 300px) 100vw, 300px\" \/> \u00a0 \u00a0 \u00a0\u00a0 <img decoding=\"async\" loading=\"lazy\" class=\"alignnone wp-image-723 size-medium\" src=\"http:\/\/heol-cafe.com\/wp-content\/uploads\/2017\/03\/kissing5-300x162.jpg\" alt=\"\" width=\"300\" height=\"162\" srcset=\"http:\/\/heol-cafe.com\/wp-content\/uploads\/2017\/03\/kissing5-300x162.jpg 300w, http:\/\/heol-cafe.com\/wp-content\/uploads\/2017\/03\/kissing5-768x415.jpg 768w, http:\/\/heol-cafe.com\/wp-content\/uploads\/2017\/03\/kissing5-1024x553.jpg 1024w, http:\/\/heol-cafe.com\/wp-content\/uploads\/2017\/03\/kissing5-150x81.jpg 150w, http:\/\/heol-cafe.com\/wp-content\/uploads\/2017\/03\/kissing5-600x324.jpg 600w, http:\/\/heol-cafe.com\/wp-content\/uploads\/2017\/03\/kissing5-400x216.jpg 400w, http:\/\/heol-cafe.com\/wp-content\/uploads\/2017\/03\/kissing5.jpg 1500w\" sizes=\"(max-width: 300px) 100vw, 300px\" \/><\/p>\n","protected":false},"excerpt":{"rendered":"<p>KISSING COUSIN de Chang Hyun-sang | Drame | 1h43 | 2015 Synopsis du film : \u00ab\u00a0Peu avant la fin de son service militaire, Tae-ik prend quelques jours de permission pour assister \u00e0 la r\u00e9union de famille que propose Ari, une cousine pour qui il a eu de forts sentiments quand il \u00e9tait enfant et qu\u2019il<\/p>\n","protected":false},"author":6,"featured_media":0,"parent":0,"menu_order":0,"comment_status":"closed","ping_status":"closed","template":"","meta":{"sfsi_plus_gutenberg_text_before_share":"","sfsi_plus_gutenberg_show_text_before_share":"","sfsi_plus_gutenberg_icon_type":"","sfsi_plus_gutenberg_icon_alignemt":"","sfsi_plus_gutenburg_max_per_row":""},"yoast_head":"<!-- This site is optimized with the Yoast SEO plugin v15.6.2 - https:\/\/yoast.com\/wordpress\/plugins\/seo\/ -->\n<title>KISSING COUSIN de Chang Hyun-sang - La critique de Mocha - Heol Caf\u00e9<\/title>\n<meta name=\"description\" content=\"KISSING COUSIN de Chang Hyun-sang : un petit film sympathique et mignon \u00e0 croquer \u00e9t\u00e9 comme hiver ! Des acteurs pas connus qui donnent au film sa fra\u00eecheur.\" \/>\n<meta name=\"robots\" content=\"index, follow, max-snippet:-1, max-image-preview:large, max-video-preview:-1\" \/>\n<link rel=\"canonical\" href=\"http:\/\/heol-cafe.com\/index.php\/kissing-cousin-de-chang-hyun-sang-la-critique-de-mocha\/\" \/>\n<meta property=\"og:locale\" content=\"fr_FR\" \/>\n<meta property=\"og:type\" content=\"article\" \/>\n<meta property=\"og:title\" content=\"KISSING COUSIN de Chang Hyun-sang - La critique de Mocha - Heol Caf\u00e9\" \/>\n<meta property=\"og:description\" content=\"KISSING COUSIN de Chang Hyun-sang : un petit film sympathique et mignon \u00e0 croquer \u00e9t\u00e9 comme hiver ! Des acteurs pas connus qui donnent au film sa fra\u00eecheur.\" \/>\n<meta property=\"og:url\" content=\"http:\/\/heol-cafe.com\/index.php\/kissing-cousin-de-chang-hyun-sang-la-critique-de-mocha\/\" \/>\n<meta property=\"og:site_name\" content=\"Heol Caf\u00e9\" \/>\n<meta property=\"article:publisher\" content=\"https:\/\/www.facebook.com\/heolcafe\/\" \/>\n<meta property=\"og:image\" content=\"http:\/\/heol-cafe.com\/wp-content\/uploads\/2017\/03\/kissing4.jpg\" \/>\n<meta name=\"twitter:card\" content=\"summary\" \/>\n<meta name=\"twitter:site\" content=\"@HeolCafe\" \/>\n<meta name=\"twitter:label1\" content=\"Dur\u00e9e de lecture est.\">\n\t<meta name=\"twitter:data1\" content=\"1 minute\">\n<script type=\"application\/ld+json\" class=\"yoast-schema-graph\">{\"@context\":\"https:\/\/schema.org\",\"@graph\":[{\"@type\":\"WebSite\",\"@id\":\"http:\/\/heol-cafe.com\/#website\",\"url\":\"http:\/\/heol-cafe.com\/\",\"name\":\"Heol Caf\\u00e9\",\"description\":\"Quand la Cor\\u00e9e nous surprend !\",\"potentialAction\":[{\"@type\":\"SearchAction\",\"target\":\"http:\/\/heol-cafe.com\/?s={search_term_string}\",\"query-input\":\"required name=search_term_string\"}],\"inLanguage\":\"fr-FR\"},{\"@type\":\"ImageObject\",\"@id\":\"http:\/\/heol-cafe.com\/index.php\/kissing-cousin-de-chang-hyun-sang-la-critique-de-mocha\/#primaryimage\",\"inLanguage\":\"fr-FR\",\"url\":\"http:\/\/heol-cafe.com\/wp-content\/uploads\/2017\/03\/kissing4.jpg\",\"width\":853,\"height\":1200},{\"@type\":\"WebPage\",\"@id\":\"http:\/\/heol-cafe.com\/index.php\/kissing-cousin-de-chang-hyun-sang-la-critique-de-mocha\/#webpage\",\"url\":\"http:\/\/heol-cafe.com\/index.php\/kissing-cousin-de-chang-hyun-sang-la-critique-de-mocha\/\",\"name\":\"KISSING COUSIN de Chang Hyun-sang - La critique de Mocha - Heol Caf\\u00e9\",\"isPartOf\":{\"@id\":\"http:\/\/heol-cafe.com\/#website\"},\"primaryImageOfPage\":{\"@id\":\"http:\/\/heol-cafe.com\/index.php\/kissing-cousin-de-chang-hyun-sang-la-critique-de-mocha\/#primaryimage\"},\"datePublished\":\"2017-03-16T12:47:23+00:00\",\"dateModified\":\"2017-03-16T12:47:23+00:00\",\"description\":\"KISSING COUSIN de Chang Hyun-sang : un petit film sympathique et mignon \\u00e0 croquer \\u00e9t\\u00e9 comme hiver ! Des acteurs pas connus qui donnent au film sa fra\\u00eecheur.\",\"inLanguage\":\"fr-FR\",\"potentialAction\":[{\"@type\":\"ReadAction\",\"target\":[\"http:\/\/heol-cafe.com\/index.php\/kissing-cousin-de-chang-hyun-sang-la-critique-de-mocha\/\"]}]}]}<\/script>\n<!-- \/ Yoast SEO plugin. -->","_links":{"self":[{"href":"http:\/\/heol-cafe.com\/index.php\/wp-json\/wp\/v2\/pages\/722"}],"collection":[{"href":"http:\/\/heol-cafe.com\/index.php\/wp-json\/wp\/v2\/pages"}],"about":[{"href":"http:\/\/heol-cafe.com\/index.php\/wp-json\/wp\/v2\/types\/page"}],"author":[{"embeddable":true,"href":"http:\/\/heol-cafe.com\/index.php\/wp-json\/wp\/v2\/users\/6"}],"replies":[{"embeddable":true,"href":"http:\/\/heol-cafe.com\/index.php\/wp-json\/wp\/v2\/comments?post=722"}],"version-history":[{"count":7,"href":"http:\/\/heol-cafe.com\/index.php\/wp-json\/wp\/v2\/pages\/722\/revisions"}],"predecessor-version":[{"id":807,"href":"http:\/\/heol-cafe.com\/index.php\/wp-json\/wp\/v2\/pages\/722\/revisions\/807"}],"wp:attachment":[{"href":"http:\/\/heol-cafe.com\/index.php\/wp-json\/wp\/v2\/media?parent=722"}],"curies":[{"name":"wp","href":"https:\/\/api.w.org\/{rel}","templated":true}]}}