{"id":712,"date":"2017-03-16T13:46:32","date_gmt":"2017-03-16T12:46:32","guid":{"rendered":"http:\/\/heol-cafe.com\/?page_id=712"},"modified":"2017-03-16T13:46:32","modified_gmt":"2017-03-16T12:46:32","slug":"inside-men-de-woo-min-ho-la-critique-de-mocha","status":"publish","type":"page","link":"http:\/\/heol-cafe.com\/index.php\/inside-men-de-woo-min-ho-la-critique-de-mocha\/","title":{"rendered":"INSIDE MEN de Woo Min-ho &#8211; La critique de Mocha"},"content":{"rendered":"<h3><img decoding=\"async\" loading=\"lazy\" class=\"alignnone wp-image-713 size-full\" src=\"http:\/\/heol-cafe.com\/wp-content\/uploads\/2017\/03\/DSCN1471-e1489503558352.jpg\" alt=\"\" width=\"4584\" height=\"2764\" srcset=\"http:\/\/heol-cafe.com\/wp-content\/uploads\/2017\/03\/DSCN1471-e1489503558352.jpg 4584w, http:\/\/heol-cafe.com\/wp-content\/uploads\/2017\/03\/DSCN1471-e1489503558352-300x181.jpg 300w, http:\/\/heol-cafe.com\/wp-content\/uploads\/2017\/03\/DSCN1471-e1489503558352-768x463.jpg 768w, http:\/\/heol-cafe.com\/wp-content\/uploads\/2017\/03\/DSCN1471-e1489503558352-1024x617.jpg 1024w, http:\/\/heol-cafe.com\/wp-content\/uploads\/2017\/03\/DSCN1471-e1489503558352-150x90.jpg 150w, http:\/\/heol-cafe.com\/wp-content\/uploads\/2017\/03\/DSCN1471-e1489503558352-600x362.jpg 600w, http:\/\/heol-cafe.com\/wp-content\/uploads\/2017\/03\/DSCN1471-e1489503558352-400x241.jpg 400w\" sizes=\"(max-width: 4584px) 100vw, 4584px\" \/><\/h3>\n<h3><strong>INSIDE MEN <\/strong>de <a href=\"https:\/\/www.senscritique.com\/contact\/Woo_Min_Ho\/521844\"><em>Woo Min-ho<\/em><\/a> | Thriller | 2h10 | 2015<\/h3>\n<p>Synopsis du film : \u00ab\u00a0<em>Ahn Sang-goo est \u00e0 la t\u00eate d\u2019un gang frayant avec les hautes sph\u00e8res de S\u00e9oul, o\u00f9 se c\u00f4toient un homme politique candidat \u00e0 la Pr\u00e9sidence du pays, un grand patron d\u2019entreprise, et l\u2019\u00e9ditorialiste star d\u2019un quotidien majeur. Seung-woo, ancien flic devenu procureur, enqu\u00eate justement sur les affaires du politicien, ce qui va l\u2019amener \u00e0 croiser la route de Sang-goo au moment o\u00f9 celui-ci a tout perdu. Pour l\u2019un, l\u2019occasion de frapper un grand coup dans sa carri\u00e8re. Pour l\u2019autre, l\u2019occasion d\u2019accomplir sa vengeance.<\/em>\u00a0\u00bb<\/p>\n<p><strong>Mon coup de c\u0153ur du festival (<a href=\"http:\/\/www.ffcp-cinema.com\/\">FFCP<\/a> 2016) !<\/strong><\/p>\n<p>Ce film de 2015 est tomb\u00e9 \u00e0 pic en Cor\u00e9e \u00e0 l\u2019approche des l\u00e9gislatives de 2016 pour d\u00e9noncer la corruption et les abus des politiques encore existants dans la soci\u00e9t\u00e9 cor\u00e9enne. En Cor\u00e9e, le syst\u00e8me de piston et de pouvoir gr\u00e2ce au r\u00e9seau est tr\u00e8s important, les connections entre politiques, presse, chefs d\u2019entreprise et mafia sont d\u2019ailleurs assez courantes.<\/p>\n<p><img decoding=\"async\" loading=\"lazy\" class=\"wp-image-719 alignnone\" src=\"http:\/\/heol-cafe.com\/wp-content\/uploads\/2017\/03\/affiche-Inside-Men-1.jpg\" alt=\"\" width=\"301\" height=\"430\" srcset=\"http:\/\/heol-cafe.com\/wp-content\/uploads\/2017\/03\/affiche-Inside-Men-1.jpg 700w, http:\/\/heol-cafe.com\/wp-content\/uploads\/2017\/03\/affiche-Inside-Men-1-210x300.jpg 210w, http:\/\/heol-cafe.com\/wp-content\/uploads\/2017\/03\/affiche-Inside-Men-1-150x214.jpg 150w, http:\/\/heol-cafe.com\/wp-content\/uploads\/2017\/03\/affiche-Inside-Men-1-600x857.jpg 600w, http:\/\/heol-cafe.com\/wp-content\/uploads\/2017\/03\/affiche-Inside-Men-1-400x571.jpg 400w\" sizes=\"(max-width: 301px) 100vw, 301px\" \/> \u00a0 \u00a0\u00a0\u00a0 <img decoding=\"async\" loading=\"lazy\" class=\"wp-image-720 alignnone\" src=\"http:\/\/heol-cafe.com\/wp-content\/uploads\/2017\/03\/inside-men-affiche-2.jpg\" alt=\"\" width=\"300\" height=\"429\" srcset=\"http:\/\/heol-cafe.com\/wp-content\/uploads\/2017\/03\/inside-men-affiche-2.jpg 500w, http:\/\/heol-cafe.com\/wp-content\/uploads\/2017\/03\/inside-men-affiche-2-210x300.jpg 210w, http:\/\/heol-cafe.com\/wp-content\/uploads\/2017\/03\/inside-men-affiche-2-150x214.jpg 150w, http:\/\/heol-cafe.com\/wp-content\/uploads\/2017\/03\/inside-men-affiche-2-400x571.jpg 400w\" sizes=\"(max-width: 300px) 100vw, 300px\" \/><\/p>\n<p>Le film exploite avec brio cette r\u00e9alit\u00e9 et la volont\u00e9 des cor\u00e9ens d\u2019\u00eatre plus alertes face \u00e0 ces magouilles internes. Il sert ainsi une fiction cr\u00e9dible et tr\u00e8s divertissante. Action, mauvais coups, retournements de situation, tout y est et tout est bien men\u00e9\u00a0! C\u2019est une partie d\u2019\u00e9chec g\u00e9ante \u00e0 laquelle on assiste. Qui va damner le pion \u00e0 l\u2019autre\u00a0? Qui renversera la partie\u00a0?<\/p>\n<p>On aime <a href=\"http:\/\/www.allocine.fr\/personne\/fichepersonne_gen_cpersonne=79528.html\"><strong><em>Lee Byung-hun<\/em><\/strong><\/a> dans le r\u00f4le du mafieux d\u00e9lur\u00e9 et <a href=\"http:\/\/www.nautiljon.com\/people\/jo+seung+wu.html\"><strong><em>Jo Seung-Woo<\/em><\/strong><\/a> dans celui du flic en qu\u00eate de justice (ou de gloire).<\/p>\n<p>Le film traite de faits de soci\u00e9t\u00e9 typiquement cor\u00e9ens tout en y donnant un ton hyper dynamique \u00e0 l\u2019am\u00e9ricaine.<\/p>\n<p>Le (+)\u00a0: j\u2019ai ador\u00e9 la bande-son\u00a0! Un film qui s\u2019est r\u00e9v\u00e9l\u00e9 \u00eatre la bonne surprise du festival. On accroche du d\u00e9but \u00e0 la fin.<\/p>\n<p><strong>Ma note\u00a0: 5\/5<\/strong><\/p>\n<p><img decoding=\"async\" loading=\"lazy\" class=\"alignnone size-medium wp-image-714\" src=\"http:\/\/heol-cafe.com\/wp-content\/uploads\/2017\/03\/inside1-300x200.jpg\" alt=\"\" width=\"300\" height=\"200\" srcset=\"http:\/\/heol-cafe.com\/wp-content\/uploads\/2017\/03\/inside1-300x200.jpg 300w, http:\/\/heol-cafe.com\/wp-content\/uploads\/2017\/03\/inside1-150x100.jpg 150w, http:\/\/heol-cafe.com\/wp-content\/uploads\/2017\/03\/inside1-600x400.jpg 600w, http:\/\/heol-cafe.com\/wp-content\/uploads\/2017\/03\/inside1-400x267.jpg 400w, http:\/\/heol-cafe.com\/wp-content\/uploads\/2017\/03\/inside1.jpg 625w\" sizes=\"(max-width: 300px) 100vw, 300px\" \/>\u00a0\u00a0 <img decoding=\"async\" loading=\"lazy\" class=\"alignnone size-medium wp-image-715\" src=\"http:\/\/heol-cafe.com\/wp-content\/uploads\/2017\/03\/inside2-300x200.jpg\" alt=\"\" width=\"300\" height=\"200\" srcset=\"http:\/\/heol-cafe.com\/wp-content\/uploads\/2017\/03\/inside2-300x200.jpg 300w, http:\/\/heol-cafe.com\/wp-content\/uploads\/2017\/03\/inside2-768x513.jpg 768w, http:\/\/heol-cafe.com\/wp-content\/uploads\/2017\/03\/inside2-150x100.jpg 150w, http:\/\/heol-cafe.com\/wp-content\/uploads\/2017\/03\/inside2-600x401.jpg 600w, http:\/\/heol-cafe.com\/wp-content\/uploads\/2017\/03\/inside2-400x267.jpg 400w, http:\/\/heol-cafe.com\/wp-content\/uploads\/2017\/03\/inside2.jpg 1000w\" sizes=\"(max-width: 300px) 100vw, 300px\" \/> <img decoding=\"async\" loading=\"lazy\" class=\"alignnone size-medium wp-image-716\" src=\"http:\/\/heol-cafe.com\/wp-content\/uploads\/2017\/03\/inside3-300x202.jpg\" alt=\"\" width=\"300\" height=\"202\" srcset=\"http:\/\/heol-cafe.com\/wp-content\/uploads\/2017\/03\/inside3-300x202.jpg 300w, http:\/\/heol-cafe.com\/wp-content\/uploads\/2017\/03\/inside3-768x516.jpg 768w, http:\/\/heol-cafe.com\/wp-content\/uploads\/2017\/03\/inside3-150x101.jpg 150w, http:\/\/heol-cafe.com\/wp-content\/uploads\/2017\/03\/inside3-600x403.jpg 600w, http:\/\/heol-cafe.com\/wp-content\/uploads\/2017\/03\/inside3-400x269.jpg 400w, http:\/\/heol-cafe.com\/wp-content\/uploads\/2017\/03\/inside3.jpg 1000w\" sizes=\"(max-width: 300px) 100vw, 300px\" \/>\u00a0\u00a0 <img decoding=\"async\" loading=\"lazy\" class=\"alignnone size-medium wp-image-717\" src=\"http:\/\/heol-cafe.com\/wp-content\/uploads\/2017\/03\/inside4-300x202.jpg\" alt=\"\" width=\"300\" height=\"202\" srcset=\"http:\/\/heol-cafe.com\/wp-content\/uploads\/2017\/03\/inside4-300x202.jpg 300w, http:\/\/heol-cafe.com\/wp-content\/uploads\/2017\/03\/inside4-768x516.jpg 768w, http:\/\/heol-cafe.com\/wp-content\/uploads\/2017\/03\/inside4-1024x688.jpg 1024w, http:\/\/heol-cafe.com\/wp-content\/uploads\/2017\/03\/inside4-150x101.jpg 150w, http:\/\/heol-cafe.com\/wp-content\/uploads\/2017\/03\/inside4-600x403.jpg 600w, http:\/\/heol-cafe.com\/wp-content\/uploads\/2017\/03\/inside4-400x269.jpg 400w, http:\/\/heol-cafe.com\/wp-content\/uploads\/2017\/03\/inside4.jpg 2000w\" sizes=\"(max-width: 300px) 100vw, 300px\" \/><\/p>\n","protected":false},"excerpt":{"rendered":"<p>INSIDE MEN de Woo Min-ho | Thriller | 2h10 | 2015 Synopsis du film : \u00ab\u00a0Ahn Sang-goo est \u00e0 la t\u00eate d\u2019un gang frayant avec les hautes sph\u00e8res de S\u00e9oul, o\u00f9 se c\u00f4toient un homme politique candidat \u00e0 la Pr\u00e9sidence du pays, un grand patron d\u2019entreprise, et l\u2019\u00e9ditorialiste star d\u2019un quotidien majeur. Seung-woo, ancien flic<\/p>\n","protected":false},"author":6,"featured_media":0,"parent":0,"menu_order":0,"comment_status":"closed","ping_status":"closed","template":"","meta":{"sfsi_plus_gutenberg_text_before_share":"","sfsi_plus_gutenberg_show_text_before_share":"","sfsi_plus_gutenberg_icon_type":"","sfsi_plus_gutenberg_icon_alignemt":"","sfsi_plus_gutenburg_max_per_row":""},"yoast_head":"<!-- This site is optimized with the Yoast SEO plugin v15.6.2 - https:\/\/yoast.com\/wordpress\/plugins\/seo\/ -->\n<title>INSIDE MEN de Woo Min-ho - La critique de Mocha - Heol Caf\u00e9<\/title>\n<meta name=\"description\" content=\"Inside Men de Woo Min-Ho : Gang, pers\u00e9cution, m\u00e9dia, et les hommes qui les dirigent... Film coup de coeur de Mocha lors du FFCP 2016.\" \/>\n<meta name=\"robots\" content=\"index, follow, max-snippet:-1, max-image-preview:large, max-video-preview:-1\" \/>\n<link rel=\"canonical\" href=\"http:\/\/heol-cafe.com\/index.php\/inside-men-de-woo-min-ho-la-critique-de-mocha\/\" \/>\n<meta property=\"og:locale\" content=\"fr_FR\" \/>\n<meta property=\"og:type\" content=\"article\" \/>\n<meta property=\"og:title\" content=\"INSIDE MEN de Woo Min-ho - La critique de Mocha - Heol Caf\u00e9\" \/>\n<meta property=\"og:description\" content=\"Inside Men de Woo Min-Ho : Gang, pers\u00e9cution, m\u00e9dia, et les hommes qui les dirigent... Film coup de coeur de Mocha lors du FFCP 2016.\" \/>\n<meta property=\"og:url\" content=\"http:\/\/heol-cafe.com\/index.php\/inside-men-de-woo-min-ho-la-critique-de-mocha\/\" \/>\n<meta property=\"og:site_name\" content=\"Heol Caf\u00e9\" \/>\n<meta property=\"article:publisher\" content=\"https:\/\/www.facebook.com\/heolcafe\/\" \/>\n<meta property=\"og:image\" content=\"http:\/\/heol-cafe.com\/wp-content\/uploads\/2017\/03\/DSCN1471-e1489503558352.jpg\" \/>\n<meta name=\"twitter:card\" content=\"summary\" \/>\n<meta name=\"twitter:site\" content=\"@HeolCafe\" \/>\n<meta name=\"twitter:label1\" content=\"Dur\u00e9e de lecture est.\">\n\t<meta name=\"twitter:data1\" content=\"2 minutes\">\n<script type=\"application\/ld+json\" class=\"yoast-schema-graph\">{\"@context\":\"https:\/\/schema.org\",\"@graph\":[{\"@type\":\"WebSite\",\"@id\":\"http:\/\/heol-cafe.com\/#website\",\"url\":\"http:\/\/heol-cafe.com\/\",\"name\":\"Heol Caf\\u00e9\",\"description\":\"Quand la Cor\\u00e9e nous surprend !\",\"potentialAction\":[{\"@type\":\"SearchAction\",\"target\":\"http:\/\/heol-cafe.com\/?s={search_term_string}\",\"query-input\":\"required name=search_term_string\"}],\"inLanguage\":\"fr-FR\"},{\"@type\":\"ImageObject\",\"@id\":\"http:\/\/heol-cafe.com\/index.php\/inside-men-de-woo-min-ho-la-critique-de-mocha\/#primaryimage\",\"inLanguage\":\"fr-FR\",\"url\":\"http:\/\/heol-cafe.com\/wp-content\/uploads\/2017\/03\/DSCN1471-e1489503558352.jpg\",\"width\":4584,\"height\":2764},{\"@type\":\"WebPage\",\"@id\":\"http:\/\/heol-cafe.com\/index.php\/inside-men-de-woo-min-ho-la-critique-de-mocha\/#webpage\",\"url\":\"http:\/\/heol-cafe.com\/index.php\/inside-men-de-woo-min-ho-la-critique-de-mocha\/\",\"name\":\"INSIDE MEN de Woo Min-ho - La critique de Mocha - Heol Caf\\u00e9\",\"isPartOf\":{\"@id\":\"http:\/\/heol-cafe.com\/#website\"},\"primaryImageOfPage\":{\"@id\":\"http:\/\/heol-cafe.com\/index.php\/inside-men-de-woo-min-ho-la-critique-de-mocha\/#primaryimage\"},\"datePublished\":\"2017-03-16T12:46:32+00:00\",\"dateModified\":\"2017-03-16T12:46:32+00:00\",\"description\":\"Inside Men de Woo Min-Ho : Gang, pers\\u00e9cution, m\\u00e9dia, et les hommes qui les dirigent... Film coup de coeur de Mocha lors du FFCP 2016.\",\"inLanguage\":\"fr-FR\",\"potentialAction\":[{\"@type\":\"ReadAction\",\"target\":[\"http:\/\/heol-cafe.com\/index.php\/inside-men-de-woo-min-ho-la-critique-de-mocha\/\"]}]}]}<\/script>\n<!-- \/ Yoast SEO plugin. -->","_links":{"self":[{"href":"http:\/\/heol-cafe.com\/index.php\/wp-json\/wp\/v2\/pages\/712"}],"collection":[{"href":"http:\/\/heol-cafe.com\/index.php\/wp-json\/wp\/v2\/pages"}],"about":[{"href":"http:\/\/heol-cafe.com\/index.php\/wp-json\/wp\/v2\/types\/page"}],"author":[{"embeddable":true,"href":"http:\/\/heol-cafe.com\/index.php\/wp-json\/wp\/v2\/users\/6"}],"replies":[{"embeddable":true,"href":"http:\/\/heol-cafe.com\/index.php\/wp-json\/wp\/v2\/comments?post=712"}],"version-history":[{"count":3,"href":"http:\/\/heol-cafe.com\/index.php\/wp-json\/wp\/v2\/pages\/712\/revisions"}],"predecessor-version":[{"id":1090,"href":"http:\/\/heol-cafe.com\/index.php\/wp-json\/wp\/v2\/pages\/712\/revisions\/1090"}],"wp:attachment":[{"href":"http:\/\/heol-cafe.com\/index.php\/wp-json\/wp\/v2\/media?parent=712"}],"curies":[{"name":"wp","href":"https:\/\/api.w.org\/{rel}","templated":true}]}}