{"id":691,"date":"2017-03-16T13:43:53","date_gmt":"2017-03-16T12:43:53","guid":{"rendered":"http:\/\/heol-cafe.com\/?page_id=691"},"modified":"2017-03-16T13:43:53","modified_gmt":"2017-03-16T12:43:53","slug":"tunnel-de-kim-seong-hun","status":"publish","type":"page","link":"http:\/\/heol-cafe.com\/index.php\/tunnel-de-kim-seong-hun\/","title":{"rendered":"TUNNEL de Kim Seong-hun &#8211; La critique de Mocha"},"content":{"rendered":"<p><img decoding=\"async\" loading=\"lazy\" class=\"alignnone wp-image-693 size-full\" title=\"tunnel au fccp avec r\u00e9alisateur\" src=\"http:\/\/heol-cafe.com\/wp-content\/uploads\/2017\/03\/tunnel.jpg\" alt=\"\" width=\"868\" height=\"447\" srcset=\"http:\/\/heol-cafe.com\/wp-content\/uploads\/2017\/03\/tunnel.jpg 868w, http:\/\/heol-cafe.com\/wp-content\/uploads\/2017\/03\/tunnel-300x154.jpg 300w, http:\/\/heol-cafe.com\/wp-content\/uploads\/2017\/03\/tunnel-768x396.jpg 768w, http:\/\/heol-cafe.com\/wp-content\/uploads\/2017\/03\/tunnel-150x77.jpg 150w, http:\/\/heol-cafe.com\/wp-content\/uploads\/2017\/03\/tunnel-600x309.jpg 600w, http:\/\/heol-cafe.com\/wp-content\/uploads\/2017\/03\/tunnel-400x206.jpg 400w\" sizes=\"(max-width: 868px) 100vw, 868px\" \/>Projection de Tunnel au <a href=\"http:\/\/www.ffcp-cinema.com\/\">FFCP<\/a> 2016 en pr\u00e9sence de son r\u00e9alisateur : <em>Kim Seong-hun<\/em> !<\/p>\n<h3><strong>TUNNEL <\/strong>de <a href=\"http:\/\/www.allocine.fr\/personne\/fichepersonne_gen_cpersonne=682170.html\"><em>Kim Seong-hun<\/em><\/a> | Thriller | 2h07 | 2016<\/h3>\n<p>Vous en avez s\u00fbrement entendu parler, c\u2019\u00e9tait l\u2019un des blockbusters cor\u00e9ens de l\u2019ann\u00e9e 2016.<\/p>\n<p><em>Tunnel c\u2019est l\u2019histoire d\u2019un homme, Lee Jung-soo, qui est sur la route pour l\u2019anniversaire de sa fille quand le tunnel qu\u2019il traverse en voiture s\u2019effondre. Il se retrouve enseveli sous les couches de pierres et de b\u00e9tons \u00e0 attendre les secours peu pr\u00e9par\u00e9s \u00e0 une telle situation tandis que les m\u00e9dia s\u2019emballent. Lee Jung-soo va devoir lutter pour survivre avec le peu de vivres \u00e0 sa disposition.<\/em><\/p>\n<p>C\u2019est le film catastrophe typique MAIS qui d\u00e9nonce en fait avec beaucoup d\u2019ironie les institutions m\u00e9diatiques et politiques de la Cor\u00e9e.<\/p>\n<p>J\u2019ai pass\u00e9 un bon moment, le film ne se prend pas la t\u00eate. C\u2019est un film catastrophe l\u00e9ger et servi avec la bonne dose d\u2019humour et d\u2019ironie qu\u2019on retrouve dans beaucoup de films cor\u00e9ens. J\u2019ai trouv\u00e9 que <strong>Tunnel<\/strong> offrait un divertissement honn\u00eate pour un blockbuster et pas du tout moralisateur.<\/p>\n<p>On aime suivre les techniques de survivant pour les nuls de notre pauvre Lee Jung-Soo.<\/p>\n<p>Un film qui fait son job et casse le s\u00e9rieux du genre \u00ab\u00a0catastrophe\u00a0\u00bb.<\/p>\n<p><strong>Ma note 4\/5<\/strong><\/p>\n<p><img decoding=\"async\" loading=\"lazy\" class=\"alignnone wp-image-694 size-medium\" title=\"tunnel1\" src=\"http:\/\/heol-cafe.com\/wp-content\/uploads\/2017\/03\/2tunnel-300x200.jpg\" alt=\"\" width=\"300\" height=\"200\" srcset=\"http:\/\/heol-cafe.com\/wp-content\/uploads\/2017\/03\/2tunnel-300x200.jpg 300w, http:\/\/heol-cafe.com\/wp-content\/uploads\/2017\/03\/2tunnel-150x100.jpg 150w, http:\/\/heol-cafe.com\/wp-content\/uploads\/2017\/03\/2tunnel-600x401.jpg 600w, http:\/\/heol-cafe.com\/wp-content\/uploads\/2017\/03\/2tunnel-400x267.jpg 400w, http:\/\/heol-cafe.com\/wp-content\/uploads\/2017\/03\/2tunnel.jpg 620w\" sizes=\"(max-width: 300px) 100vw, 300px\" \/> <img decoding=\"async\" loading=\"lazy\" class=\"alignnone wp-image-695 size-medium\" title=\"tunnel2\" src=\"http:\/\/heol-cafe.com\/wp-content\/uploads\/2017\/03\/3tunnel-300x200.jpg\" alt=\"\" width=\"300\" height=\"200\" srcset=\"http:\/\/heol-cafe.com\/wp-content\/uploads\/2017\/03\/3tunnel-300x200.jpg 300w, http:\/\/heol-cafe.com\/wp-content\/uploads\/2017\/03\/3tunnel-768x512.jpg 768w, http:\/\/heol-cafe.com\/wp-content\/uploads\/2017\/03\/3tunnel-1024x683.jpg 1024w, http:\/\/heol-cafe.com\/wp-content\/uploads\/2017\/03\/3tunnel-150x100.jpg 150w, http:\/\/heol-cafe.com\/wp-content\/uploads\/2017\/03\/3tunnel-600x400.jpg 600w, http:\/\/heol-cafe.com\/wp-content\/uploads\/2017\/03\/3tunnel-400x267.jpg 400w, http:\/\/heol-cafe.com\/wp-content\/uploads\/2017\/03\/3tunnel.jpg 1500w\" sizes=\"(max-width: 300px) 100vw, 300px\" \/>\u00a0<img decoding=\"async\" loading=\"lazy\" class=\"alignnone wp-image-696 size-medium\" title=\"tunnel3\" src=\"http:\/\/heol-cafe.com\/wp-content\/uploads\/2017\/03\/1tunnel-300x200.jpg\" alt=\"\" width=\"300\" height=\"200\" srcset=\"http:\/\/heol-cafe.com\/wp-content\/uploads\/2017\/03\/1tunnel-300x200.jpg 300w, http:\/\/heol-cafe.com\/wp-content\/uploads\/2017\/03\/1tunnel-768x512.jpg 768w, http:\/\/heol-cafe.com\/wp-content\/uploads\/2017\/03\/1tunnel-150x100.jpg 150w, http:\/\/heol-cafe.com\/wp-content\/uploads\/2017\/03\/1tunnel-600x400.jpg 600w, http:\/\/heol-cafe.com\/wp-content\/uploads\/2017\/03\/1tunnel-400x267.jpg 400w, http:\/\/heol-cafe.com\/wp-content\/uploads\/2017\/03\/1tunnel.jpg 1000w\" sizes=\"(max-width: 300px) 100vw, 300px\" \/> <img decoding=\"async\" loading=\"lazy\" class=\"alignnone wp-image-699\" title=\"tunne4\" src=\"http:\/\/heol-cafe.com\/wp-content\/uploads\/2017\/03\/5tunnel-300x197.jpg\" alt=\"\" width=\"305\" height=\"200\" srcset=\"http:\/\/heol-cafe.com\/wp-content\/uploads\/2017\/03\/5tunnel-300x197.jpg 300w, http:\/\/heol-cafe.com\/wp-content\/uploads\/2017\/03\/5tunnel-768x503.jpg 768w, http:\/\/heol-cafe.com\/wp-content\/uploads\/2017\/03\/5tunnel-1024x671.jpg 1024w, http:\/\/heol-cafe.com\/wp-content\/uploads\/2017\/03\/5tunnel-150x98.jpg 150w, http:\/\/heol-cafe.com\/wp-content\/uploads\/2017\/03\/5tunnel-600x393.jpg 600w, http:\/\/heol-cafe.com\/wp-content\/uploads\/2017\/03\/5tunnel-665x435.jpg 665w, http:\/\/heol-cafe.com\/wp-content\/uploads\/2017\/03\/5tunnel-400x262.jpg 400w, http:\/\/heol-cafe.com\/wp-content\/uploads\/2017\/03\/5tunnel.jpg 1080w\" sizes=\"(max-width: 305px) 100vw, 305px\" \/><\/p>\n","protected":false},"excerpt":{"rendered":"<p>Projection de Tunnel au FFCP 2016 en pr\u00e9sence de son r\u00e9alisateur : Kim Seong-hun ! TUNNEL de Kim Seong-hun | Thriller | 2h07 | 2016 Vous en avez s\u00fbrement entendu parler, c\u2019\u00e9tait l\u2019un des blockbusters cor\u00e9ens de l\u2019ann\u00e9e 2016. Tunnel c\u2019est l\u2019histoire d\u2019un homme, Lee Jung-soo, qui est sur la route pour l\u2019anniversaire de sa<\/p>\n","protected":false},"author":6,"featured_media":0,"parent":0,"menu_order":0,"comment_status":"closed","ping_status":"closed","template":"","meta":{"sfsi_plus_gutenberg_text_before_share":"","sfsi_plus_gutenberg_show_text_before_share":"","sfsi_plus_gutenberg_icon_type":"","sfsi_plus_gutenberg_icon_alignemt":"","sfsi_plus_gutenburg_max_per_row":""},"yoast_head":"<!-- This site is optimized with the Yoast SEO plugin v15.6.2 - https:\/\/yoast.com\/wordpress\/plugins\/seo\/ -->\n<title>TUNNEL de Kim Seong-hun - La critique de Mocha - Heol Caf\u00e9<\/title>\n<meta name=\"description\" content=\"Critique du film TUNNEL de Kim Seong-hun, film catastrophe et blockbuster cor\u00e9en de l&#039;ann\u00e9e 2016. Film visionn\u00e9 lors du FFCP 2016.\" \/>\n<meta name=\"robots\" content=\"index, follow, max-snippet:-1, max-image-preview:large, max-video-preview:-1\" \/>\n<link rel=\"canonical\" href=\"http:\/\/heol-cafe.com\/index.php\/tunnel-de-kim-seong-hun\/\" \/>\n<meta property=\"og:locale\" content=\"fr_FR\" \/>\n<meta property=\"og:type\" content=\"article\" \/>\n<meta property=\"og:title\" content=\"TUNNEL de Kim Seong-hun - La critique de Mocha - Heol Caf\u00e9\" \/>\n<meta property=\"og:description\" content=\"Critique du film TUNNEL de Kim Seong-hun, film catastrophe et blockbuster cor\u00e9en de l&#039;ann\u00e9e 2016. Film visionn\u00e9 lors du FFCP 2016.\" \/>\n<meta property=\"og:url\" content=\"http:\/\/heol-cafe.com\/index.php\/tunnel-de-kim-seong-hun\/\" \/>\n<meta property=\"og:site_name\" content=\"Heol Caf\u00e9\" \/>\n<meta property=\"article:publisher\" content=\"https:\/\/www.facebook.com\/heolcafe\/\" \/>\n<meta property=\"og:image\" content=\"http:\/\/heol-cafe.com\/wp-content\/uploads\/2017\/03\/tunnel.jpg\" \/>\n<meta name=\"twitter:card\" content=\"summary\" \/>\n<meta name=\"twitter:site\" content=\"@HeolCafe\" \/>\n<meta name=\"twitter:label1\" content=\"Dur\u00e9e de lecture est.\">\n\t<meta name=\"twitter:data1\" content=\"1 minute\">\n<script type=\"application\/ld+json\" class=\"yoast-schema-graph\">{\"@context\":\"https:\/\/schema.org\",\"@graph\":[{\"@type\":\"WebSite\",\"@id\":\"http:\/\/heol-cafe.com\/#website\",\"url\":\"http:\/\/heol-cafe.com\/\",\"name\":\"Heol Caf\\u00e9\",\"description\":\"Quand la Cor\\u00e9e nous surprend !\",\"potentialAction\":[{\"@type\":\"SearchAction\",\"target\":\"http:\/\/heol-cafe.com\/?s={search_term_string}\",\"query-input\":\"required name=search_term_string\"}],\"inLanguage\":\"fr-FR\"},{\"@type\":\"ImageObject\",\"@id\":\"http:\/\/heol-cafe.com\/index.php\/tunnel-de-kim-seong-hun\/#primaryimage\",\"inLanguage\":\"fr-FR\",\"url\":\"http:\/\/heol-cafe.com\/wp-content\/uploads\/2017\/03\/tunnel.jpg\",\"width\":868,\"height\":447},{\"@type\":\"WebPage\",\"@id\":\"http:\/\/heol-cafe.com\/index.php\/tunnel-de-kim-seong-hun\/#webpage\",\"url\":\"http:\/\/heol-cafe.com\/index.php\/tunnel-de-kim-seong-hun\/\",\"name\":\"TUNNEL de Kim Seong-hun - La critique de Mocha - Heol Caf\\u00e9\",\"isPartOf\":{\"@id\":\"http:\/\/heol-cafe.com\/#website\"},\"primaryImageOfPage\":{\"@id\":\"http:\/\/heol-cafe.com\/index.php\/tunnel-de-kim-seong-hun\/#primaryimage\"},\"datePublished\":\"2017-03-16T12:43:53+00:00\",\"dateModified\":\"2017-03-16T12:43:53+00:00\",\"description\":\"Critique du film TUNNEL de Kim Seong-hun, film catastrophe et blockbuster cor\\u00e9en de l'ann\\u00e9e 2016. Film visionn\\u00e9 lors du FFCP 2016.\",\"inLanguage\":\"fr-FR\",\"potentialAction\":[{\"@type\":\"ReadAction\",\"target\":[\"http:\/\/heol-cafe.com\/index.php\/tunnel-de-kim-seong-hun\/\"]}]}]}<\/script>\n<!-- \/ Yoast SEO plugin. -->","_links":{"self":[{"href":"http:\/\/heol-cafe.com\/index.php\/wp-json\/wp\/v2\/pages\/691"}],"collection":[{"href":"http:\/\/heol-cafe.com\/index.php\/wp-json\/wp\/v2\/pages"}],"about":[{"href":"http:\/\/heol-cafe.com\/index.php\/wp-json\/wp\/v2\/types\/page"}],"author":[{"embeddable":true,"href":"http:\/\/heol-cafe.com\/index.php\/wp-json\/wp\/v2\/users\/6"}],"replies":[{"embeddable":true,"href":"http:\/\/heol-cafe.com\/index.php\/wp-json\/wp\/v2\/comments?post=691"}],"version-history":[{"count":5,"href":"http:\/\/heol-cafe.com\/index.php\/wp-json\/wp\/v2\/pages\/691\/revisions"}],"predecessor-version":[{"id":815,"href":"http:\/\/heol-cafe.com\/index.php\/wp-json\/wp\/v2\/pages\/691\/revisions\/815"}],"wp:attachment":[{"href":"http:\/\/heol-cafe.com\/index.php\/wp-json\/wp\/v2\/media?parent=691"}],"curies":[{"name":"wp","href":"https:\/\/api.w.org\/{rel}","templated":true}]}}