{"id":1004,"date":"2017-06-02T14:37:25","date_gmt":"2017-06-02T13:37:25","guid":{"rendered":"http:\/\/heol-cafe.com\/?page_id=1004"},"modified":"2018-07-25T16:59:23","modified_gmt":"2018-07-25T15:59:23","slug":"les-indispensables-en-coree","status":"publish","type":"page","link":"http:\/\/heol-cafe.com\/index.php\/les-indispensables-en-coree\/","title":{"rendered":"Dossier voyage : les indispensables en Cor\u00e9e"},"content":{"rendered":"\t\t<div data-elementor-type=\"wp-post\" data-elementor-id=\"1004\" class=\"elementor elementor-1004 elementor-bc-flex-widget\">\n\t\t\t\t\t\t<div class=\"elementor-inner\">\n\t\t\t\t<div class=\"elementor-section-wrap\">\n\t\t\t\t\t\t\t\t\t<section class=\"elementor-section elementor-top-section elementor-element elementor-element-nuxjyul elementor-section-boxed elementor-section-height-default elementor-section-height-default\" data-id=\"nuxjyul\" data-element_type=\"section\">\n\t\t\t\t\t\t<div class=\"elementor-container elementor-column-gap-default\">\n\t\t\t\t\t\t\t<div class=\"elementor-row\">\n\t\t\t\t\t<div class=\"elementor-column elementor-col-100 elementor-top-column elementor-element elementor-element-ihhlrum\" data-id=\"ihhlrum\" data-element_type=\"column\">\n\t\t\t<div class=\"elementor-column-wrap elementor-element-populated\">\n\t\t\t\t\t\t\t<div class=\"elementor-widget-wrap\">\n\t\t\t\t\t\t<div class=\"elementor-element elementor-element-uwhxebk elementor-widget elementor-widget-text-editor\" data-id=\"uwhxebk\" data-element_type=\"widget\" data-widget_type=\"text-editor.default\">\n\t\t\t\t<div class=\"elementor-widget-container\">\n\t\t\t\t\t\t\t\t<div class=\"elementor-text-editor elementor-clearfix\">\n\t\t\t\t<p>Les indispensables selon Heol Caf\u00e9 ? Des sujets qui vous aideront \u00e0 vous pr\u00e9parer pour votre voyage en Cor\u00e9e, que se soit avant ou pendant votre s\u00e9jour. Au fil du blog, on vous concoctera quelques articles vari\u00e9s que vous pourrez retrouver sur cette page qui sera mise \u00e0 jour r\u00e9guli\u00e8rement. N\u2019h\u00e9sitez pas \u00e0 revenir consulter ce dossier de temps en temps pour d\u00e9couvrir nos nouveaut\u00e9s !<\/p><p>Et puis, comme le chantait si bien le groupe de K-pop INFINITE, <em>dashi dorawa<\/em> ! (<strong>\ub2e4\uc2dc \ub3c4\ub77c\uc640<\/strong> \u2013 Reviens \u00e0 nouveau) Une chanson qui commence \u00e0 bien dater (\u00e7a se voit au clip) mais qui est toujours aussi sympa \u00e0 \u00e9couter !<\/p>\t\t\t\t\t<\/div>\n\t\t\t\t\t\t<\/div>\n\t\t\t\t<\/div>\n\t\t\t\t<div class=\"elementor-element elementor-element-u6ufrqf elementor-aspect-ratio-169 elementor-widget elementor-widget-video\" data-id=\"u6ufrqf\" data-element_type=\"widget\" data-settings=\"{&quot;youtube_url&quot;:&quot;https:\\\/\\\/www.youtube.com\\\/watch?v=Hi54WjHr-DA&quot;,&quot;video_type&quot;:&quot;youtube&quot;,&quot;controls&quot;:&quot;yes&quot;,&quot;aspect_ratio&quot;:&quot;169&quot;}\" data-widget_type=\"video.default\">\n\t\t\t\t<div class=\"elementor-widget-container\">\n\t\t\t\t\t<div class=\"elementor-wrapper elementor-fit-aspect-ratio elementor-open-inline\">\n\t\t\t<div class=\"elementor-video\"><\/div>\t\t<\/div>\n\t\t\t\t<\/div>\n\t\t\t\t<\/div>\n\t\t\t\t<div class=\"elementor-element elementor-element-jwiqe3f elementor-widget elementor-widget-spacer\" data-id=\"jwiqe3f\" data-element_type=\"widget\" data-widget_type=\"spacer.default\">\n\t\t\t\t<div class=\"elementor-widget-container\">\n\t\t\t\t\t<div class=\"elementor-spacer\">\n\t\t\t<div class=\"elementor-spacer-inner\"><\/div>\n\t\t<\/div>\n\t\t\t\t<\/div>\n\t\t\t\t<\/div>\n\t\t\t\t<div class=\"elementor-element elementor-element-weirgx3 elementor-widget elementor-widget-text-editor\" data-id=\"weirgx3\" data-element_type=\"widget\" data-widget_type=\"text-editor.default\">\n\t\t\t\t<div class=\"elementor-widget-container\">\n\t\t\t\t\t\t\t\t<div class=\"elementor-text-editor elementor-clearfix\">\n\t\t\t\t<p>Et voil\u00e0 enfin la liste de tous nos articles pratiques qui vous aideront \u00e0 passer un agr\u00e9able s\u00e9jour en Cor\u00e9e du Sud !<\/p>\t\t\t\t\t<\/div>\n\t\t\t\t\t\t<\/div>\n\t\t\t\t<\/div>\n\t\t\t\t<section class=\"elementor-section elementor-inner-section elementor-element elementor-element-i8eome2 elementor-section-boxed elementor-section-height-default elementor-section-height-default\" data-id=\"i8eome2\" data-element_type=\"section\">\n\t\t\t\t\t\t<div class=\"elementor-container elementor-column-gap-default\">\n\t\t\t\t\t\t\t<div class=\"elementor-row\">\n\t\t\t\t\t<div class=\"elementor-column elementor-col-50 elementor-inner-column elementor-element elementor-element-gk18yjk\" data-id=\"gk18yjk\" data-element_type=\"column\">\n\t\t\t<div class=\"elementor-column-wrap elementor-element-populated\">\n\t\t\t\t\t\t\t<div class=\"elementor-widget-wrap\">\n\t\t\t\t\t\t<div class=\"elementor-element elementor-element-7i4y798 elementor-widget elementor-widget-wp-widget-fpw_widget\" data-id=\"7i4y798\" data-element_type=\"widget\" data-widget_type=\"wp-widget-fpw_widget.default\">\n\t\t\t\t<div class=\"elementor-widget-container\">\n\t\t\t\r\n<article class=\"fpw-clearfix fpw-layout-big\">\r\n\r\n\t<a href=\"http:\/\/heol-cafe.com\/index.php\/2017\/04\/30\/les-applications-utiles-dans-un-smartphone-en-coree-en-10-points\/\" class=\"fpw-featured-link\">\r\n\t\t<div class=\"fpw-featured-image\">\r\n\t\t\t<img width=\"400\" height=\"225\" src=\"data:image\/svg+xml;base64,PHN2ZyB2aWV3Qm94PScwIDAgNDAwIDIyNScgeG1sbnM9J2h0dHA6Ly93d3cudzMub3JnLzIwMDAvc3ZnJz48L3N2Zz4=\" class=\"attachment-fpw_big size-fpw_big lazyload wp-post-image\" alt=\"Apps cor\u00e9ennes utiles en 10 points\" decoding=\"async\" loading=\"lazy\" sizes=\"(max-width: 400px) 100vw, 400px\" data-srcset=\"http:\/\/heol-cafe.com\/wp-content\/uploads\/2017\/04\/Apps-utiles-400x225.jpg 400w, http:\/\/heol-cafe.com\/wp-content\/uploads\/2017\/04\/Apps-utiles-300x169.jpg 300w, http:\/\/heol-cafe.com\/wp-content\/uploads\/2017\/04\/Apps-utiles-150x84.jpg 150w, http:\/\/heol-cafe.com\/wp-content\/uploads\/2017\/04\/Apps-utiles.jpg 560w\" data-src=\"http:\/\/heol-cafe.com\/wp-content\/uploads\/2017\/04\/Apps-utiles-400x225.jpg\" \/>\t\t<\/div>\r\n\t\t<h3 class=\"fpw-page-title\">Les applications pour smartphone utiles en Cor\u00e9e en 10 points<\/h3>\r\n\t<\/a>\t\r\n\r\n\t<div class=\"fpw-excerpt\">\r\n\t\tS'il y a bien un objet dont il est difficile de se passer de nos jours, c'est bien le smartphone. Il est bien utile aussi lorsque l'on voyage. De passage en Cor\u00e9e ou pour un plus long s\u00e9jour, il existe pas mal d'applications sympa qui vous faciliteront la vie ! En voici une petite s\u00e9lection\t<\/div>\r\n\r\n<\/article>\t\t<\/div>\n\t\t\t\t<\/div>\n\t\t\t\t\t\t<\/div>\n\t\t\t\t\t<\/div>\n\t\t<\/div>\n\t\t\t\t<div class=\"elementor-column elementor-col-50 elementor-inner-column elementor-element elementor-element-8hs7miv\" data-id=\"8hs7miv\" data-element_type=\"column\">\n\t\t\t<div class=\"elementor-column-wrap elementor-element-populated\">\n\t\t\t\t\t\t\t<div class=\"elementor-widget-wrap\">\n\t\t\t\t\t\t<div class=\"elementor-element elementor-element-548k00o elementor-widget elementor-widget-wp-widget-fpw_widget\" data-id=\"548k00o\" data-element_type=\"widget\" data-widget_type=\"wp-widget-fpw_widget.default\">\n\t\t\t\t<div class=\"elementor-widget-container\">\n\t\t\t\r\n<article class=\"fpw-clearfix fpw-layout-big\">\r\n\r\n\t<a href=\"http:\/\/heol-cafe.com\/index.php\/2017\/05\/31\/guide-de-survie-lete-en-coree\/\" class=\"fpw-featured-link\">\r\n\t\t<div class=\"fpw-featured-image\">\r\n\t\t\t<img width=\"400\" height=\"225\" src=\"data:image\/svg+xml;base64,PHN2ZyB2aWV3Qm94PScwIDAgNDAwIDIyNScgeG1sbnM9J2h0dHA6Ly93d3cudzMub3JnLzIwMDAvc3ZnJz48L3N2Zz4=\" class=\"attachment-fpw_big size-fpw_big lazyload wp-post-image\" alt=\"Ete coreen\" decoding=\"async\" loading=\"lazy\" sizes=\"(max-width: 400px) 100vw, 400px\" data-srcset=\"http:\/\/heol-cafe.com\/wp-content\/uploads\/2017\/05\/Ete-coreen-400x225.jpg 400w, http:\/\/heol-cafe.com\/wp-content\/uploads\/2017\/05\/Ete-coreen-300x169.jpg 300w, http:\/\/heol-cafe.com\/wp-content\/uploads\/2017\/05\/Ete-coreen-150x84.jpg 150w, http:\/\/heol-cafe.com\/wp-content\/uploads\/2017\/05\/Ete-coreen.jpg 560w\" data-src=\"http:\/\/heol-cafe.com\/wp-content\/uploads\/2017\/05\/Ete-coreen-400x225.jpg\" \/>\t\t<\/div>\r\n\t\t<h3 class=\"fpw-page-title\">Guide de survie : 5 conseils pour passer l&rsquo;\u00e9t\u00e9 en Cor\u00e9e<\/h3>\r\n\t<\/a>\t\r\n\r\n\t<div class=\"fpw-excerpt\">\r\n\t\tL'\u00e9t\u00e9 en Cor\u00e9e est connu pour \u00eatre chaud, lourd et humide... Avec les pluies torrentielles des moissons entre juillet et ao\u00fbt et le soleil qui tape bien fort, je vous avoue que j'ai bien souffert l'\u00e9t\u00e9 dernier. Mais cela m'a permis de comprendre quelques astuces pour survivre \u00e0 ces conditions un peu trop extr\u00eames. 1-\t<\/div>\r\n\r\n<\/article>\t\t<\/div>\n\t\t\t\t<\/div>\n\t\t\t\t\t\t<\/div>\n\t\t\t\t\t<\/div>\n\t\t<\/div>\n\t\t\t\t\t\t\t\t<\/div>\n\t\t\t\t\t<\/div>\n\t\t<\/section>\n\t\t\t\t<section class=\"elementor-section elementor-inner-section elementor-element elementor-element-u7wl5ua elementor-section-boxed elementor-section-height-default elementor-section-height-default\" data-id=\"u7wl5ua\" data-element_type=\"section\">\n\t\t\t\t\t\t<div class=\"elementor-container elementor-column-gap-default\">\n\t\t\t\t\t\t\t<div class=\"elementor-row\">\n\t\t\t\t\t<div class=\"elementor-column elementor-col-50 elementor-inner-column elementor-element elementor-element-ga2a6b3\" data-id=\"ga2a6b3\" data-element_type=\"column\">\n\t\t\t<div class=\"elementor-column-wrap elementor-element-populated\">\n\t\t\t\t\t\t\t<div class=\"elementor-widget-wrap\">\n\t\t\t\t\t\t<div class=\"elementor-element elementor-element-r4l8k35 elementor-widget elementor-widget-wp-widget-fpw_widget\" data-id=\"r4l8k35\" data-element_type=\"widget\" data-widget_type=\"wp-widget-fpw_widget.default\">\n\t\t\t\t<div class=\"elementor-widget-container\">\n\t\t\t\r\n<article class=\"fpw-clearfix fpw-layout-big\">\r\n\r\n\t<a href=\"http:\/\/heol-cafe.com\/index.php\/2017\/05\/22\/le-meilleur-guide-de-voyage-pour-la-coree\/\" class=\"fpw-featured-link\">\r\n\t\t<div class=\"fpw-featured-image\">\r\n\t\t\t<img width=\"400\" height=\"225\" src=\"data:image\/svg+xml;base64,PHN2ZyB2aWV3Qm94PScwIDAgNDAwIDIyNScgeG1sbnM9J2h0dHA6Ly93d3cudzMub3JnLzIwMDAvc3ZnJz48L3N2Zz4=\" class=\"attachment-fpw_big size-fpw_big lazyload wp-post-image\" alt=\"Guides touristiques\" decoding=\"async\" loading=\"lazy\" sizes=\"(max-width: 400px) 100vw, 400px\" data-srcset=\"http:\/\/heol-cafe.com\/wp-content\/uploads\/2017\/05\/Guides-touristiques-400x225.jpg 400w, http:\/\/heol-cafe.com\/wp-content\/uploads\/2017\/05\/Guides-touristiques-300x169.jpg 300w, http:\/\/heol-cafe.com\/wp-content\/uploads\/2017\/05\/Guides-touristiques-150x84.jpg 150w, http:\/\/heol-cafe.com\/wp-content\/uploads\/2017\/05\/Guides-touristiques.jpg 560w\" data-src=\"http:\/\/heol-cafe.com\/wp-content\/uploads\/2017\/05\/Guides-touristiques-400x225.jpg\" \/>\t\t<\/div>\r\n\t\t<h3 class=\"fpw-page-title\">Le meilleur guide de voyage pour la Cor\u00e9e ?<\/h3>\r\n\t<\/a>\t\r\n\r\n\t<div class=\"fpw-excerpt\">\r\n\t\tVous vous demandez quel guide de voyage sur la Cor\u00e9e choisir parmi ceux que vous avez rep\u00e9r\u00e9. La plupart se ressemblent mais selon vos besoins, certains seront plus adapt\u00e9s \u00e0 votre voyage. Voici un petit guide comparatif et mon avis sur 3 d'entre-eux, histoire de vous aider dans votre choix ! 1- Le Lonely Planet\t<\/div>\r\n\r\n<\/article>\t\t<\/div>\n\t\t\t\t<\/div>\n\t\t\t\t\t\t<\/div>\n\t\t\t\t\t<\/div>\n\t\t<\/div>\n\t\t\t\t<div class=\"elementor-column elementor-col-50 elementor-inner-column elementor-element elementor-element-qv4aioi\" data-id=\"qv4aioi\" data-element_type=\"column\">\n\t\t\t<div class=\"elementor-column-wrap elementor-element-populated\">\n\t\t\t\t\t\t\t<div class=\"elementor-widget-wrap\">\n\t\t\t\t\t\t<div class=\"elementor-element elementor-element-8olnlqk elementor-widget elementor-widget-wp-widget-fpw_widget\" data-id=\"8olnlqk\" data-element_type=\"widget\" data-widget_type=\"wp-widget-fpw_widget.default\">\n\t\t\t\t<div class=\"elementor-widget-container\">\n\t\t\t\r\n<article class=\"fpw-clearfix fpw-layout-big\">\r\n\r\n\t<a href=\"http:\/\/heol-cafe.com\/index.php\/2017\/04\/14\/apprendre-coreen-5-conseils-progresser\/\" class=\"fpw-featured-link\">\r\n\t\t<div class=\"fpw-featured-image\">\r\n\t\t\t<img width=\"400\" height=\"225\" src=\"data:image\/svg+xml;base64,PHN2ZyB2aWV3Qm94PScwIDAgNDAwIDIyNScgeG1sbnM9J2h0dHA6Ly93d3cudzMub3JnLzIwMDAvc3ZnJz48L3N2Zz4=\" class=\"attachment-fpw_big size-fpw_big lazyload wp-post-image\" alt=\"\" decoding=\"async\" loading=\"lazy\" sizes=\"(max-width: 400px) 100vw, 400px\" data-srcset=\"http:\/\/heol-cafe.com\/wp-content\/uploads\/2017\/04\/5-conseils-coreen-400x225.jpg 400w, http:\/\/heol-cafe.com\/wp-content\/uploads\/2017\/04\/5-conseils-coreen-300x169.jpg 300w, http:\/\/heol-cafe.com\/wp-content\/uploads\/2017\/04\/5-conseils-coreen-150x84.jpg 150w, http:\/\/heol-cafe.com\/wp-content\/uploads\/2017\/04\/5-conseils-coreen.jpg 560w\" data-src=\"http:\/\/heol-cafe.com\/wp-content\/uploads\/2017\/04\/5-conseils-coreen-400x225.jpg\" \/>\t\t<\/div>\r\n\t\t<h3 class=\"fpw-page-title\">Apprendre le cor\u00e9en : 5 conseils pour progresser<\/h3>\r\n\t<\/a>\t\r\n\r\n\t<div class=\"fpw-excerpt\">\r\n\t\tVous souhaiter commencer \u00e0 apprendre cor\u00e9en ou vous \u00eates en plein dedans mais avez peur de stagner (comme moi de temps \u00e0 autre, je l'avoue) ? Bonne nouvelle, j'ai quelques conseils pour vous ! 1- S'entra\u00eener r\u00e9guli\u00e8rement S'il y a une chose que j'ai bien compris \u00e0 force d'\u00e9tudier des langues \u00e9trang\u00e8res, c'est bien celle-ci.\t<\/div>\r\n\r\n<\/article>\t\t<\/div>\n\t\t\t\t<\/div>\n\t\t\t\t\t\t<\/div>\n\t\t\t\t\t<\/div>\n\t\t<\/div>\n\t\t\t\t\t\t\t\t<\/div>\n\t\t\t\t\t<\/div>\n\t\t<\/section>\n\t\t\t\t<section class=\"elementor-section elementor-inner-section elementor-element elementor-element-w9ghus3 elementor-section-boxed elementor-section-height-default elementor-section-height-default\" data-id=\"w9ghus3\" data-element_type=\"section\">\n\t\t\t\t\t\t<div class=\"elementor-container elementor-column-gap-default\">\n\t\t\t\t\t\t\t<div class=\"elementor-row\">\n\t\t\t\t\t<div class=\"elementor-column elementor-col-50 elementor-inner-column elementor-element elementor-element-g9znmyy\" data-id=\"g9znmyy\" data-element_type=\"column\">\n\t\t\t<div class=\"elementor-column-wrap elementor-element-populated\">\n\t\t\t\t\t\t\t<div class=\"elementor-widget-wrap\">\n\t\t\t\t\t\t<div class=\"elementor-element elementor-element-prew2e2 elementor-widget elementor-widget-wp-widget-fpw_widget\" data-id=\"prew2e2\" data-element_type=\"widget\" data-widget_type=\"wp-widget-fpw_widget.default\">\n\t\t\t\t<div class=\"elementor-widget-container\">\n\t\t\t\r\n<article class=\"fpw-clearfix fpw-layout-big\">\r\n\r\n\t<a href=\"http:\/\/heol-cafe.com\/index.php\/2017\/06\/06\/grande-bronzee-vetements-maquillage-coree\/\" class=\"fpw-featured-link\">\r\n\t\t<div class=\"fpw-featured-image\">\r\n\t\t\t<img width=\"400\" height=\"225\" src=\"data:image\/svg+xml;base64,PHN2ZyB2aWV3Qm94PScwIDAgNDAwIDIyNScgeG1sbnM9J2h0dHA6Ly93d3cudzMub3JnLzIwMDAvc3ZnJz48L3N2Zz4=\" class=\"attachment-fpw_big size-fpw_big lazyload wp-post-image\" alt=\"Matcha&#039;s TIPS\" decoding=\"async\" loading=\"lazy\" sizes=\"(max-width: 400px) 100vw, 400px\" data-srcset=\"http:\/\/heol-cafe.com\/wp-content\/uploads\/2017\/06\/Matchas-TIPS-400x225.jpg 400w, http:\/\/heol-cafe.com\/wp-content\/uploads\/2017\/06\/Matchas-TIPS-300x169.jpg 300w, http:\/\/heol-cafe.com\/wp-content\/uploads\/2017\/06\/Matchas-TIPS-150x84.jpg 150w, http:\/\/heol-cafe.com\/wp-content\/uploads\/2017\/06\/Matchas-TIPS.jpg 560w\" data-src=\"http:\/\/heol-cafe.com\/wp-content\/uploads\/2017\/06\/Matchas-TIPS-400x225.jpg\" \/>\t\t<\/div>\r\n\t\t<h3 class=\"fpw-page-title\">Grande et bronz\u00e9e en Cor\u00e9e : o\u00f9 trouver ses v\u00eatements et son maquillage ?<\/h3>\r\n\t<\/a>\t\r\n\r\n\t<div class=\"fpw-excerpt\">\r\n\t\tAussi loin que je me souvienne, on m'a toujours fait remarquer que j'\u00e9tais grande. Pour info, je fais 1, 72 m, pas de quoi toucher le plafond mais je suis au dessus de la moyenne fran\u00e7aise. Autant vous dire que je la d\u00e9passe largement en Cor\u00e9e ! Je suis aussi m\u00e9tisse donc mon teint est\t<\/div>\r\n\r\n<\/article>\t\t<\/div>\n\t\t\t\t<\/div>\n\t\t\t\t\t\t<\/div>\n\t\t\t\t\t<\/div>\n\t\t<\/div>\n\t\t\t\t<div class=\"elementor-column elementor-col-50 elementor-inner-column elementor-element elementor-element-77dos08\" data-id=\"77dos08\" data-element_type=\"column\">\n\t\t\t<div class=\"elementor-column-wrap elementor-element-populated\">\n\t\t\t\t\t\t\t<div class=\"elementor-widget-wrap\">\n\t\t\t\t\t\t<div class=\"elementor-element elementor-element-14e2238 elementor-widget elementor-widget-wp-widget-fpw_widget\" data-id=\"14e2238\" data-element_type=\"widget\" data-widget_type=\"wp-widget-fpw_widget.default\">\n\t\t\t\t<div class=\"elementor-widget-container\">\n\t\t\t\r\n<article class=\"fpw-clearfix fpw-layout-big\">\r\n\r\n\t<a href=\"http:\/\/heol-cafe.com\/index.php\/2018\/07\/25\/cashwalk-application-reductions-coree\/\" class=\"fpw-featured-link\">\r\n\t\t<div class=\"fpw-featured-image\">\r\n\t\t\t<img width=\"400\" height=\"225\" src=\"data:image\/svg+xml;base64,PHN2ZyB2aWV3Qm94PScwIDAgNDAwIDIyNScgeG1sbnM9J2h0dHA6Ly93d3cudzMub3JnLzIwMDAvc3ZnJz48L3N2Zz4=\" class=\"attachment-fpw_big size-fpw_big lazyload wp-post-image\" alt=\"Cashwalk app cover\" decoding=\"async\" loading=\"lazy\" sizes=\"(max-width: 400px) 100vw, 400px\" data-srcset=\"http:\/\/heol-cafe.com\/wp-content\/uploads\/2018\/07\/FAIRYfood-400x225.jpg 400w, http:\/\/heol-cafe.com\/wp-content\/uploads\/2018\/07\/FAIRYfood-300x169.jpg 300w, http:\/\/heol-cafe.com\/wp-content\/uploads\/2018\/07\/FAIRYfood-150x84.jpg 150w, http:\/\/heol-cafe.com\/wp-content\/uploads\/2018\/07\/FAIRYfood.jpg 560w\" data-src=\"http:\/\/heol-cafe.com\/wp-content\/uploads\/2018\/07\/FAIRYfood-400x225.jpg\" \/>\t\t<\/div>\r\n\t\t<h3 class=\"fpw-page-title\">Cashwalk, l\u2019application bon plan pour des r\u00e9ductions en Cor\u00e9e<\/h3>\r\n\t<\/a>\t\r\n\r\n\t<div class=\"fpw-excerpt\">\r\n\t\tA la recherche d\u2019un bon plan pour votre voyage ou votre expatriation en Cor\u00e9e ? Apr\u00e8s mon article pr\u00e9c\u00e9dent sur les applications cor\u00e9ennes utiles en voyage, j\u2019ai trouv\u00e9 l\u2019application qu\u2019il vous faut ! Elle s\u2019appelle Cashwalk et comme nombre de Cor\u00e9ens, vous allez l\u2019adorer. Cashwalk, c\u2019est quoi ? Vous faites partie de ceux qui aiment\t<\/div>\r\n\r\n<\/article>\t\t<\/div>\n\t\t\t\t<\/div>\n\t\t\t\t\t\t<\/div>\n\t\t\t\t\t<\/div>\n\t\t<\/div>\n\t\t\t\t\t\t\t\t<\/div>\n\t\t\t\t\t<\/div>\n\t\t<\/section>\n\t\t\t\t\t\t<\/div>\n\t\t\t\t\t<\/div>\n\t\t<\/div>\n\t\t\t\t\t\t\t\t<\/div>\n\t\t\t\t\t<\/div>\n\t\t<\/section>\n\t\t\t\t<section class=\"elementor-section elementor-top-section elementor-element elementor-element-ker3m6s elementor-section-boxed elementor-section-height-default elementor-section-height-default\" data-id=\"ker3m6s\" data-element_type=\"section\">\n\t\t\t\t\t\t<div class=\"elementor-container elementor-column-gap-default\">\n\t\t\t\t\t\t\t<div class=\"elementor-row\">\n\t\t\t\t\t<div class=\"elementor-column elementor-col-100 elementor-top-column elementor-element elementor-element-t739l5l\" data-id=\"t739l5l\" data-element_type=\"column\">\n\t\t\t<div class=\"elementor-column-wrap elementor-element-populated\">\n\t\t\t\t\t\t\t<div class=\"elementor-widget-wrap\">\n\t\t\t\t\t\t<div class=\"elementor-element elementor-element-qfs7v94 elementor-widget elementor-widget-text-editor\" data-id=\"qfs7v94\" data-element_type=\"widget\" data-widget_type=\"text-editor.default\">\n\t\t\t\t<div class=\"elementor-widget-container\">\n\t\t\t\t\t\t\t\t<div class=\"elementor-text-editor elementor-clearfix\">\n\t\t\t\t<p style=\"text-align: center;\"><em><strong>On esp\u00e8re que ces articles vous seront utiles !<\/strong><\/em><\/p>\t\t\t\t\t<\/div>\n\t\t\t\t\t\t<\/div>\n\t\t\t\t<\/div>\n\t\t\t\t\t\t<\/div>\n\t\t\t\t\t<\/div>\n\t\t<\/div>\n\t\t\t\t\t\t\t\t<\/div>\n\t\t\t\t\t<\/div>\n\t\t<\/section>\n\t\t\t\t\t\t\t\t\t<\/div>\n\t\t\t<\/div>\n\t\t\t\t\t<\/div>\n\t\t","protected":false},"excerpt":{"rendered":"<p>Les indispensables selon Heol Caf\u00e9 ? Des sujets qui vous aideront \u00e0 vous pr\u00e9parer pour votre voyage en Cor\u00e9e, que se soit avant ou pendant votre s\u00e9jour. Au fil du blog, on vous concoctera quelques articles vari\u00e9s que vous pourrez retrouver sur cette page qui sera mise \u00e0 jour r\u00e9guli\u00e8rement. N\u2019h\u00e9sitez pas \u00e0 revenir consulter<\/p>\n","protected":false},"author":2,"featured_media":1006,"parent":0,"menu_order":0,"comment_status":"closed","ping_status":"closed","template":"","meta":{"sfsi_plus_gutenberg_text_before_share":"","sfsi_plus_gutenberg_show_text_before_share":"","sfsi_plus_gutenberg_icon_type":"","sfsi_plus_gutenberg_icon_alignemt":"","sfsi_plus_gutenburg_max_per_row":""},"yoast_head":"<!-- This site is optimized with the Yoast SEO plugin v15.6.2 - https:\/\/yoast.com\/wordpress\/plugins\/seo\/ -->\n<title>Dossier voyage : les indispensables en Cor\u00e9e - Heol Caf\u00e9<\/title>\n<meta name=\"description\" content=\"Retrouvez dans ce dossier tous nos articles indispensables pour la pr\u00e9paration de votre s\u00e9jour en Cor\u00e9e du Sud. Guides de survie, langue, applications, etc.\" \/>\n<meta name=\"robots\" content=\"index, follow, max-snippet:-1, max-image-preview:large, max-video-preview:-1\" \/>\n<link rel=\"canonical\" href=\"http:\/\/heol-cafe.com\/index.php\/les-indispensables-en-coree\/\" \/>\n<meta property=\"og:locale\" content=\"fr_FR\" \/>\n<meta property=\"og:type\" content=\"article\" \/>\n<meta property=\"og:title\" content=\"Dossier voyage : les indispensables en Cor\u00e9e - Heol Caf\u00e9\" \/>\n<meta property=\"og:description\" content=\"Retrouvez dans ce dossier tous nos articles indispensables pour la pr\u00e9paration de votre s\u00e9jour en Cor\u00e9e du Sud. Guides de survie, langue, applications, etc.\" \/>\n<meta property=\"og:url\" content=\"http:\/\/heol-cafe.com\/index.php\/les-indispensables-en-coree\/\" \/>\n<meta property=\"og:site_name\" content=\"Heol Caf\u00e9\" \/>\n<meta property=\"article:publisher\" content=\"https:\/\/www.facebook.com\/heolcafe\/\" \/>\n<meta property=\"article:modified_time\" content=\"2018-07-25T15:59:23+00:00\" \/>\n<meta property=\"og:image\" content=\"http:\/\/heol-cafe.com\/wp-content\/uploads\/2017\/06\/les-indispensablesen-CoREE.jpg\" \/>\n\t<meta property=\"og:image:width\" content=\"560\" \/>\n\t<meta property=\"og:image:height\" content=\"315\" \/>\n<meta name=\"twitter:card\" content=\"summary\" \/>\n<meta name=\"twitter:site\" content=\"@HeolCafe\" \/>\n<meta name=\"twitter:label1\" content=\"Dur\u00e9e de lecture est.\">\n\t<meta name=\"twitter:data1\" content=\"1 minute\">\n<script type=\"application\/ld+json\" class=\"yoast-schema-graph\">{\"@context\":\"https:\/\/schema.org\",\"@graph\":[{\"@type\":\"WebSite\",\"@id\":\"http:\/\/heol-cafe.com\/#website\",\"url\":\"http:\/\/heol-cafe.com\/\",\"name\":\"Heol Caf\\u00e9\",\"description\":\"Quand la Cor\\u00e9e nous surprend !\",\"potentialAction\":[{\"@type\":\"SearchAction\",\"target\":\"http:\/\/heol-cafe.com\/?s={search_term_string}\",\"query-input\":\"required name=search_term_string\"}],\"inLanguage\":\"fr-FR\"},{\"@type\":\"ImageObject\",\"@id\":\"http:\/\/heol-cafe.com\/index.php\/les-indispensables-en-coree\/#primaryimage\",\"inLanguage\":\"fr-FR\",\"url\":\"http:\/\/heol-cafe.com\/wp-content\/uploads\/2017\/06\/les-indispensablesen-CoREE.jpg\",\"width\":560,\"height\":315,\"caption\":\"les indispensablesen Cor\\u00e9e\"},{\"@type\":\"WebPage\",\"@id\":\"http:\/\/heol-cafe.com\/index.php\/les-indispensables-en-coree\/#webpage\",\"url\":\"http:\/\/heol-cafe.com\/index.php\/les-indispensables-en-coree\/\",\"name\":\"Dossier voyage : les indispensables en Cor\\u00e9e - Heol Caf\\u00e9\",\"isPartOf\":{\"@id\":\"http:\/\/heol-cafe.com\/#website\"},\"primaryImageOfPage\":{\"@id\":\"http:\/\/heol-cafe.com\/index.php\/les-indispensables-en-coree\/#primaryimage\"},\"datePublished\":\"2017-06-02T13:37:25+00:00\",\"dateModified\":\"2018-07-25T15:59:23+00:00\",\"description\":\"Retrouvez dans ce dossier tous nos articles indispensables pour la pr\\u00e9paration de votre s\\u00e9jour en Cor\\u00e9e du Sud. Guides de survie, langue, applications, etc.\",\"inLanguage\":\"fr-FR\",\"potentialAction\":[{\"@type\":\"ReadAction\",\"target\":[\"http:\/\/heol-cafe.com\/index.php\/les-indispensables-en-coree\/\"]}]}]}<\/script>\n<!-- \/ Yoast SEO plugin. -->","_links":{"self":[{"href":"http:\/\/heol-cafe.com\/index.php\/wp-json\/wp\/v2\/pages\/1004"}],"collection":[{"href":"http:\/\/heol-cafe.com\/index.php\/wp-json\/wp\/v2\/pages"}],"about":[{"href":"http:\/\/heol-cafe.com\/index.php\/wp-json\/wp\/v2\/types\/page"}],"author":[{"embeddable":true,"href":"http:\/\/heol-cafe.com\/index.php\/wp-json\/wp\/v2\/users\/2"}],"replies":[{"embeddable":true,"href":"http:\/\/heol-cafe.com\/index.php\/wp-json\/wp\/v2\/comments?post=1004"}],"version-history":[{"count":9,"href":"http:\/\/heol-cafe.com\/index.php\/wp-json\/wp\/v2\/pages\/1004\/revisions"}],"predecessor-version":[{"id":1660,"href":"http:\/\/heol-cafe.com\/index.php\/wp-json\/wp\/v2\/pages\/1004\/revisions\/1660"}],"wp:featuredmedia":[{"embeddable":true,"href":"http:\/\/heol-cafe.com\/index.php\/wp-json\/wp\/v2\/media\/1006"}],"wp:attachment":[{"href":"http:\/\/heol-cafe.com\/index.php\/wp-json\/wp\/v2\/media?parent=1004"}],"curies":[{"name":"wp","href":"https:\/\/api.w.org\/{rel}","templated":true}]}}